{"id":1351,"date":"2022-11-04T12:58:29","date_gmt":"2022-11-04T10:58:29","guid":{"rendered":"https:\/\/livelyguides.com\/misiones\/"},"modified":"2023-12-10T01:21:58","modified_gmt":"2023-12-09T23:21:58","slug":"misiones","status":"publish","type":"page","link":"https:\/\/livelyguides.com\/es\/misiones\/","title":{"rendered":"Missions &#8211; ES"},"content":{"rendered":"\n<div class=\"wp-block-uagb-container uagb-block-66245987 alignfull uagb-is-root-container\"><div class=\"uagb-container-inner-blocks-wrap\">\n<div class=\"wp-block-uagb-container uagb-block-bc105b65\">\n<div class=\"wp-block-uagb-advanced-heading uagb-block-a97381aa\"><h1 class=\"uagb-heading-text\">Nuestra misi\u00f3n: ofrecer una experiencia de visita guiada digital excepcional a todos<\/h1><\/div>\n\n\n\n<p>Utilizamos tecnolog\u00eda y dise\u00f1o para ofrecer una experiencia de visita guiada personalizada y enriquecedora para brindarte momentos inolvidables.<\/p>\n<\/div>\n\n\n\n<div class=\"wp-block-uagb-container uagb-block-2f2a9b98\">\n<div class=\"wp-block-uagb-image uagb-block-25c553a9 wp-block-uagb-image--layout-default wp-block-uagb-image--effect-static wp-block-uagb-image--align-center\"><figure class=\"wp-block-uagb-image__figure\"><img decoding=\"async\" srcset=\"https:\/\/livelyguides.com\/wp-content\/uploads\/2022\/11\/Ecran-smartphone.png \" src=\"https:\/\/livelyguides.com\/wp-content\/uploads\/2022\/11\/Ecran-smartphone.png\" alt=\"\" class=\"uag-image-307\" width=\"\" height=\"\" title=\"\" loading=\"lazy\"\/><\/figure><\/div>\n<\/div>\n<\/div><\/div>\n\n<div class=\"wp-block-uagb-container uagb-block-dff0d7d7 alignfull uagb-is-root-container\"><div class=\"uagb-container-inner-blocks-wrap\">\n<div class=\"wp-block-uagb-advanced-heading uagb-block-2f4c6d22\"><h1 class=\"uagb-heading-text\">Nuestra historia<\/h1><\/div>\n\n\n\n<div class=\"wp-block-uagb-container uagb-block-cdac2acc\">\n<div class=\"wp-block-uagb-container uagb-block-8609df10\">\n<p>La idea de Lively Guides naci\u00f3 de la frustraci\u00f3n. A lo largo de sus viajes y visitas, David se enfrent\u00f3 con demasiada frecuencia a la falta de informaci\u00f3n sobre los lugares que visitaba, o a una informaci\u00f3n dispersa que no le permit\u00eda disfrutar plenamente de lugares a menudo magn\u00edficos. Nuestro objetivo es proponer una oferta capaz de satisfacer estas necesidades.<\/p>\n<\/div>\n\n\n\n<div class=\"wp-block-uagb-container uagb-block-c6716361\">\n<p>Nuestra ambici\u00f3n es ofrecer a viajeros, visitantes, turistas y caminantes informaci\u00f3n tur\u00edstica clara, interesante y personalizada para enriquecer su experiencia de visita. De este modo podr\u00e1n organizar sus visitas en funci\u00f3n de sus intereses, deseos y del tiempo del que dispongan y asegurarse de aprovechar al m\u00e1ximo el lugar tur\u00edstico, al precio m\u00e1s justo.<\/p>\n<\/div>\n<\/div>\n<\/div><\/div>\n\n<div class=\"wp-block-uagb-container uagb-block-6234706f alignfull uagb-is-root-container\"><div class=\"uagb-container-inner-blocks-wrap\">\n<div class=\"wp-block-uagb-advanced-heading uagb-block-a049d866\"><h1 class=\"uagb-heading-text\">Nuestras misiones<\/h1><\/div>\n\n\n\n<div class=\"wp-block-uagb-container uagb-block-bd076b03\">\n<div class=\"wp-block-uagb-container uagb-block-16f78023\">\n<div class=\"wp-block-uagb-info-box uagb-block-3f717645 uagb-infobox__content-wrap  uagb-infobox-icon-above-title uagb-infobox-image-valign-top\"><div class=\"uagb-ifb-content\"><div class=\"uagb-ifb-image-content\"><img decoding=\"async\" src=\"https:\/\/livelyguides.com\/wp-content\/uploads\/2022\/11\/museum-150x150.png\" alt=\"\" width=\"100\" height=\"100\" loading=\"lazy\"\/><\/div><div class=\"uagb-ifb-title-wrap\"><h3 class=\"uagb-ifb-title\">Simplificar y mejorar la experiencia de visita de sitios tur\u00edsticos<\/h3><\/div><\/div><\/div>\n<\/div>\n\n\n\n<div class=\"wp-block-uagb-container uagb-block-173b3e21\">\n<div class=\"wp-block-uagb-info-box uagb-block-ad5ad36c uagb-infobox__content-wrap  uagb-infobox-icon-above-title uagb-infobox-image-valign-top\"><div class=\"uagb-ifb-content\"><div class=\"uagb-ifb-image-content\"><img decoding=\"async\" src=\"https:\/\/livelyguides.com\/wp-content\/uploads\/2022\/11\/earth-grid-150x150.png\" alt=\"\" width=\"100\" height=\"100\" loading=\"lazy\"\/><\/div><div class=\"uagb-ifb-title-wrap\"><h3 class=\"uagb-ifb-title\">Ofrecer visitas guiadas adaptadas a todos, en todas partes y disponibles de inmediato.<\/h3><\/div><\/div><\/div>\n<\/div>\n\n\n\n<div class=\"wp-block-uagb-container uagb-block-cb6883ff\">\n<div class=\"wp-block-uagb-info-box uagb-block-d3fd66ba uagb-infobox__content-wrap  uagb-infobox-icon-above-title uagb-infobox-image-valign-top\"><div class=\"uagb-ifb-content\"><div class=\"uagb-ifb-image-content\"><img decoding=\"async\" src=\"https:\/\/livelyguides.com\/wp-content\/uploads\/2022\/11\/excellence-150x150.png\" alt=\"\" width=\"100\" height=\"100\" loading=\"lazy\"\/><\/div><div class=\"uagb-ifb-title-wrap\"><h3 class=\"uagb-ifb-title\">Buscar la excelencia en la calidad de los contenidos<\/h3><\/div><\/div><\/div>\n<\/div>\n<\/div>\n<\/div><\/div>\n\n<div class=\"wp-block-uagb-container uagb-block-7be2c6fc alignfull uagb-is-root-container\"><div class=\"uagb-container-inner-blocks-wrap\">\n<div class=\"wp-block-uagb-advanced-heading uagb-block-fe585e28\"><h1 class=\"uagb-heading-text\">Fundador<\/h1><\/div>\n\n\n\n<div class=\"wp-block-uagb-container uagb-block-64ce2697\">\n<div class=\"wp-block-uagb-container uagb-block-dcf95260\">\n<div class=\"wp-block-uagb-advanced-heading uagb-block-c2865f01\"><h3 class=\"uagb-heading-text\">David Wijnker<\/h3><\/div>\n\n\n\n<p>David ha trabajado en el campo de los sistemas de informaci\u00f3n para editores de software, empresas de servicios digitales y departamentos de inform\u00e1tica.<br\/>Es ingeniero inform\u00e1tico y de telecomunicaciones y tiene un MBA.<\/p>\n<\/div>\n\n\n\n<div class=\"wp-block-uagb-container uagb-block-9bf1688b\">\n<div class=\"wp-block-uagb-image uagb-block-59d9f10b wp-block-uagb-image--layout-default wp-block-uagb-image--effect-static wp-block-uagb-image--align-center\"><figure class=\"wp-block-uagb-image__figure\"><img decoding=\"async\" srcset=\"https:\/\/livelyguides.com\/wp-content\/uploads\/2022\/11\/Photo-David-Wijnker-noir-et-blanc.jpg \" src=\"https:\/\/livelyguides.com\/wp-content\/uploads\/2022\/11\/Photo-David-Wijnker-noir-et-blanc.jpg\" alt=\"\" class=\"uag-image-772\" width=\"\" height=\"\" title=\"\" loading=\"lazy\"\/><\/figure><\/div>\n<\/div>\n<\/div>\n<\/div><\/div>\n","protected":false},"excerpt":{"rendered":"<p>Nuestra misi\u00f3n: ofrecer una experiencia de visita guiada digital excepcional a todos Utilizamos tecnolog\u00eda y dise\u00f1o para ofrecer una experiencia de visita guiada personalizada y enriquecedora para brindarte momentos inolvidables. Nuestra historia La idea de Lively Guides naci\u00f3 de la frustraci\u00f3n. A lo largo de sus viajes y visitas, David se enfrent\u00f3 con demasiada frecuencia [&hellip;]<\/p>\n","protected":false},"author":1,"featured_media":0,"parent":0,"menu_order":0,"comment_status":"closed","ping_status":"closed","template":"","meta":{"_uag_custom_page_level_css":"","site-sidebar-layout":"default","site-content-layout":"","ast-site-content-layout":"","site-content-style":"default","site-sidebar-style":"default","ast-global-header-display":"","ast-banner-title-visibility":"","ast-main-header-display":"","ast-hfb-above-header-display":"","ast-hfb-below-header-display":"","ast-hfb-mobile-header-display":"","site-post-title":"disabled","ast-breadcrumbs-content":"","ast-featured-img":"","footer-sml-layout":"","theme-transparent-header-meta":"","adv-header-id-meta":"","stick-header-meta":"","header-above-stick-meta":null,"header-main-stick-meta":"","header-below-stick-meta":null,"astra-migrate-meta-layouts":"default","ast-page-background-enabled":"default","ast-page-background-meta":{"desktop":{"background-color":"var(--ast-global-color-4)","background-image":"","background-repeat":"repeat","background-position":"center center","background-size":"auto","background-attachment":"scroll","background-type":"","background-media":"","overlay-type":"","overlay-color":"","overlay-opacity":"","overlay-gradient":""},"tablet":{"background-color":"","background-image":"","background-repeat":"repeat","background-position":"center center","background-size":"auto","background-attachment":"scroll","background-type":"","background-media":"","overlay-type":"","overlay-color":"","overlay-opacity":"","overlay-gradient":""},"mobile":{"background-color":"","background-image":"","background-repeat":"repeat","background-position":"center center","background-size":"auto","background-attachment":"scroll","background-type":"","background-media":"","overlay-type":"","overlay-color":"","overlay-opacity":"","overlay-gradient":""}},"ast-content-background-meta":{"desktop":{"background-color":"var(--ast-global-color-5)","background-image":"","background-repeat":"repeat","background-position":"center center","background-size":"auto","background-attachment":"scroll","background-type":"","background-media":"","overlay-type":"","overlay-color":"","overlay-opacity":"","overlay-gradient":""},"tablet":{"background-color":"var(--ast-global-color-5)","background-image":"","background-repeat":"repeat","background-position":"center center","background-size":"auto","background-attachment":"scroll","background-type":"","background-media":"","overlay-type":"","overlay-color":"","overlay-opacity":"","overlay-gradient":""},"mobile":{"background-color":"var(--ast-global-color-5)","background-image":"","background-repeat":"repeat","background-position":"center center","background-size":"auto","background-attachment":"scroll","background-type":"","background-media":"","overlay-type":"","overlay-color":"","overlay-opacity":"","overlay-gradient":""}},"footnotes":""},"class_list":["post-1351","page","type-page","status-publish","hentry"],"yoast_head":"<!-- This site is optimized with the Yoast SEO plugin v22.8 - https:\/\/yoast.com\/wordpress\/plugins\/seo\/ -->\n<title>Lively Guides - Nuestras misiones<\/title>\n<meta name=\"description\" content=\"Gu\u00edas tur\u00edsticas digitales. Nuestra misi\u00f3n: ofrecer una experiencia de visita guiada digital excepcional para todos.\" \/>\n<meta name=\"robots\" content=\"index, follow, max-snippet:-1, max-image-preview:large, max-video-preview:-1\" \/>\n<link rel=\"canonical\" href=\"https:\/\/livelyguides.com\/es\/misiones\/\" \/>\n<meta property=\"og:locale\" content=\"es_ES\" \/>\n<meta property=\"og:type\" content=\"article\" \/>\n<meta property=\"og:title\" content=\"Lively Guides - Nuestras misiones\" \/>\n<meta property=\"og:description\" content=\"Gu\u00edas tur\u00edsticas digitales. Nuestra misi\u00f3n: ofrecer una experiencia de visita guiada digital excepcional para todos.\" \/>\n<meta property=\"og:url\" content=\"https:\/\/livelyguides.com\/es\/misiones\/\" \/>\n<meta property=\"og:site_name\" content=\"Lively Guides\" \/>\n<meta property=\"article:modified_time\" content=\"2023-12-09T23:21:58+00:00\" \/>\n<meta property=\"og:image\" content=\"https:\/\/livelyguides.com\/wp-content\/uploads\/2022\/11\/Ecran-smartphone.png\" \/>\n<meta name=\"twitter:card\" content=\"summary_large_image\" \/>\n<meta name=\"twitter:label1\" content=\"Tiempo de lectura\" \/>\n\t<meta name=\"twitter:data1\" content=\"1 minuto\" \/>\n<script type=\"application\/ld+json\" class=\"yoast-schema-graph\">{\"@context\":\"https:\/\/schema.org\",\"@graph\":[{\"@type\":\"WebPage\",\"@id\":\"https:\/\/livelyguides.com\/es\/misiones\/\",\"url\":\"https:\/\/livelyguides.com\/es\/misiones\/\",\"name\":\"Lively Guides - Nuestras misiones\",\"isPartOf\":{\"@id\":\"https:\/\/livelyguides.com\/es\/#website\"},\"primaryImageOfPage\":{\"@id\":\"https:\/\/livelyguides.com\/es\/misiones\/#primaryimage\"},\"image\":{\"@id\":\"https:\/\/livelyguides.com\/es\/misiones\/#primaryimage\"},\"thumbnailUrl\":\"https:\/\/livelyguides.com\/wp-content\/uploads\/2022\/11\/Ecran-smartphone.png\",\"datePublished\":\"2022-11-04T10:58:29+00:00\",\"dateModified\":\"2023-12-09T23:21:58+00:00\",\"description\":\"Gu\u00edas tur\u00edsticas digitales. Nuestra misi\u00f3n: ofrecer una experiencia de visita guiada digital excepcional para todos.\",\"breadcrumb\":{\"@id\":\"https:\/\/livelyguides.com\/es\/misiones\/#breadcrumb\"},\"inLanguage\":\"es\",\"potentialAction\":[{\"@type\":\"ReadAction\",\"target\":[\"https:\/\/livelyguides.com\/es\/misiones\/\"]}]},{\"@type\":\"ImageObject\",\"inLanguage\":\"es\",\"@id\":\"https:\/\/livelyguides.com\/es\/misiones\/#primaryimage\",\"url\":\"https:\/\/livelyguides.com\/wp-content\/uploads\/2022\/11\/Ecran-smartphone.png\",\"contentUrl\":\"https:\/\/livelyguides.com\/wp-content\/uploads\/2022\/11\/Ecran-smartphone.png\"},{\"@type\":\"BreadcrumbList\",\"@id\":\"https:\/\/livelyguides.com\/es\/misiones\/#breadcrumb\",\"itemListElement\":[{\"@type\":\"ListItem\",\"position\":1,\"name\":\"Home\",\"item\":\"https:\/\/livelyguides.com\/es\/\"},{\"@type\":\"ListItem\",\"position\":2,\"name\":\"Missions &#8211; ES\"}]},{\"@type\":\"WebSite\",\"@id\":\"https:\/\/livelyguides.com\/es\/#website\",\"url\":\"https:\/\/livelyguides.com\/es\/\",\"name\":\"Lively Guides\",\"description\":\"Guides touristiques digitaux\",\"publisher\":{\"@id\":\"https:\/\/livelyguides.com\/es\/#organization\"},\"potentialAction\":[{\"@type\":\"SearchAction\",\"target\":{\"@type\":\"EntryPoint\",\"urlTemplate\":\"https:\/\/livelyguides.com\/es\/?s={search_term_string}\"},\"query-input\":\"required name=search_term_string\"}],\"inLanguage\":\"es\"},{\"@type\":\"Organization\",\"@id\":\"https:\/\/livelyguides.com\/es\/#organization\",\"name\":\"Lively Guides\",\"url\":\"https:\/\/livelyguides.com\/es\/\",\"logo\":{\"@type\":\"ImageObject\",\"inLanguage\":\"es\",\"@id\":\"https:\/\/livelyguides.com\/es\/#\/schema\/logo\/image\/\",\"url\":\"https:\/\/livelyguides.com\/wp-content\/uploads\/2022\/11\/LivelyGuides-logo-et-texte-vert.png\",\"contentUrl\":\"https:\/\/livelyguides.com\/wp-content\/uploads\/2022\/11\/LivelyGuides-logo-et-texte-vert.png\",\"width\":500,\"height\":120,\"caption\":\"Lively Guides\"},\"image\":{\"@id\":\"https:\/\/livelyguides.com\/es\/#\/schema\/logo\/image\/\"},\"sameAs\":[\"https:\/\/www.linkedin.com\/company\/livelyguides\"]}]}<\/script>\n<!-- \/ Yoast SEO plugin. -->","yoast_head_json":{"title":"Lively Guides - Nuestras misiones","description":"Gu\u00edas tur\u00edsticas digitales. Nuestra misi\u00f3n: ofrecer una experiencia de visita guiada digital excepcional para todos.","robots":{"index":"index","follow":"follow","max-snippet":"max-snippet:-1","max-image-preview":"max-image-preview:large","max-video-preview":"max-video-preview:-1"},"canonical":"https:\/\/livelyguides.com\/es\/misiones\/","og_locale":"es_ES","og_type":"article","og_title":"Lively Guides - Nuestras misiones","og_description":"Gu\u00edas tur\u00edsticas digitales. Nuestra misi\u00f3n: ofrecer una experiencia de visita guiada digital excepcional para todos.","og_url":"https:\/\/livelyguides.com\/es\/misiones\/","og_site_name":"Lively Guides","article_modified_time":"2023-12-09T23:21:58+00:00","og_image":[{"url":"https:\/\/livelyguides.com\/wp-content\/uploads\/2022\/11\/Ecran-smartphone.png"}],"twitter_card":"summary_large_image","twitter_misc":{"Tiempo de lectura":"1 minuto"},"schema":{"@context":"https:\/\/schema.org","@graph":[{"@type":"WebPage","@id":"https:\/\/livelyguides.com\/es\/misiones\/","url":"https:\/\/livelyguides.com\/es\/misiones\/","name":"Lively Guides - Nuestras misiones","isPartOf":{"@id":"https:\/\/livelyguides.com\/es\/#website"},"primaryImageOfPage":{"@id":"https:\/\/livelyguides.com\/es\/misiones\/#primaryimage"},"image":{"@id":"https:\/\/livelyguides.com\/es\/misiones\/#primaryimage"},"thumbnailUrl":"https:\/\/livelyguides.com\/wp-content\/uploads\/2022\/11\/Ecran-smartphone.png","datePublished":"2022-11-04T10:58:29+00:00","dateModified":"2023-12-09T23:21:58+00:00","description":"Gu\u00edas tur\u00edsticas digitales. Nuestra misi\u00f3n: ofrecer una experiencia de visita guiada digital excepcional para todos.","breadcrumb":{"@id":"https:\/\/livelyguides.com\/es\/misiones\/#breadcrumb"},"inLanguage":"es","potentialAction":[{"@type":"ReadAction","target":["https:\/\/livelyguides.com\/es\/misiones\/"]}]},{"@type":"ImageObject","inLanguage":"es","@id":"https:\/\/livelyguides.com\/es\/misiones\/#primaryimage","url":"https:\/\/livelyguides.com\/wp-content\/uploads\/2022\/11\/Ecran-smartphone.png","contentUrl":"https:\/\/livelyguides.com\/wp-content\/uploads\/2022\/11\/Ecran-smartphone.png"},{"@type":"BreadcrumbList","@id":"https:\/\/livelyguides.com\/es\/misiones\/#breadcrumb","itemListElement":[{"@type":"ListItem","position":1,"name":"Home","item":"https:\/\/livelyguides.com\/es\/"},{"@type":"ListItem","position":2,"name":"Missions &#8211; ES"}]},{"@type":"WebSite","@id":"https:\/\/livelyguides.com\/es\/#website","url":"https:\/\/livelyguides.com\/es\/","name":"Lively Guides","description":"Guides touristiques digitaux","publisher":{"@id":"https:\/\/livelyguides.com\/es\/#organization"},"potentialAction":[{"@type":"SearchAction","target":{"@type":"EntryPoint","urlTemplate":"https:\/\/livelyguides.com\/es\/?s={search_term_string}"},"query-input":"required name=search_term_string"}],"inLanguage":"es"},{"@type":"Organization","@id":"https:\/\/livelyguides.com\/es\/#organization","name":"Lively Guides","url":"https:\/\/livelyguides.com\/es\/","logo":{"@type":"ImageObject","inLanguage":"es","@id":"https:\/\/livelyguides.com\/es\/#\/schema\/logo\/image\/","url":"https:\/\/livelyguides.com\/wp-content\/uploads\/2022\/11\/LivelyGuides-logo-et-texte-vert.png","contentUrl":"https:\/\/livelyguides.com\/wp-content\/uploads\/2022\/11\/LivelyGuides-logo-et-texte-vert.png","width":500,"height":120,"caption":"Lively Guides"},"image":{"@id":"https:\/\/livelyguides.com\/es\/#\/schema\/logo\/image\/"},"sameAs":["https:\/\/www.linkedin.com\/company\/livelyguides"]}]}},"uagb_featured_image_src":{"full":false,"thumbnail":false,"medium":false,"medium_large":false,"large":false,"1536x1536":false,"2048x2048":false},"uagb_author_info":{"display_name":"David","author_link":"https:\/\/livelyguides.com\/es\/author\/davidwijnker\/"},"uagb_comment_info":0,"uagb_excerpt":"Nuestra misi\u00f3n: ofrecer una experiencia de visita guiada digital excepcional a todos Utilizamos tecnolog\u00eda y dise\u00f1o para ofrecer una experiencia de visita guiada personalizada y enriquecedora para brindarte momentos inolvidables. Nuestra historia La idea de Lively Guides naci\u00f3 de la frustraci\u00f3n. A lo largo de sus viajes y visitas, David se enfrent\u00f3 con demasiada frecuencia&hellip;","_links":{"self":[{"href":"https:\/\/livelyguides.com\/es\/wp-json\/wp\/v2\/pages\/1351","targetHints":{"allow":["GET"]}}],"collection":[{"href":"https:\/\/livelyguides.com\/es\/wp-json\/wp\/v2\/pages"}],"about":[{"href":"https:\/\/livelyguides.com\/es\/wp-json\/wp\/v2\/types\/page"}],"author":[{"embeddable":true,"href":"https:\/\/livelyguides.com\/es\/wp-json\/wp\/v2\/users\/1"}],"replies":[{"embeddable":true,"href":"https:\/\/livelyguides.com\/es\/wp-json\/wp\/v2\/comments?post=1351"}],"version-history":[{"count":9,"href":"https:\/\/livelyguides.com\/es\/wp-json\/wp\/v2\/pages\/1351\/revisions"}],"predecessor-version":[{"id":1400,"href":"https:\/\/livelyguides.com\/es\/wp-json\/wp\/v2\/pages\/1351\/revisions\/1400"}],"wp:attachment":[{"href":"https:\/\/livelyguides.com\/es\/wp-json\/wp\/v2\/media?parent=1351"}],"curies":[{"name":"wp","href":"https:\/\/api.w.org\/{rel}","templated":true}]}}