{"id":1427,"date":"2022-11-04T14:11:30","date_gmt":"2022-11-04T12:11:30","guid":{"rendered":"https:\/\/livelyguides.com\/oficinas-de-turismo\/"},"modified":"2024-01-29T00:37:25","modified_gmt":"2024-01-28T22:37:25","slug":"oficinas-de-turismo","status":"publish","type":"page","link":"https:\/\/livelyguides.com\/es\/oficinas-de-turismo\/","title":{"rendered":"Oficinas de turismo &#8211; ES"},"content":{"rendered":"\n<div class=\"wp-block-uagb-container uagb-block-b1adb60e alignfull uagb-is-root-container\"><div class=\"uagb-container-inner-blocks-wrap\">\n<div class=\"wp-block-uagb-advanced-heading uagb-block-add42a8b\"><h1 class=\"uagb-heading-text\">Soluciones digitales para oficinas de turismo y autoridades locales<\/h1><\/div>\n\n\n\n<div class=\"wp-block-uagb-container uagb-block-4e53db0d alignwide uagb-is-root-container\">\n<div class=\"wp-block-uagb-info-box uagb-block-a117dd20 uagb-infobox__content-wrap  uagb-infobox-icon-above-title uagb-infobox-image-valign-top\"><div class=\"uagb-ifb-content\"><div class=\"uagb-ifb-image-content\"><img decoding=\"async\" src=\"https:\/\/livelyguides.com\/wp-content\/uploads\/2022\/12\/promotion-150x150.png\" alt=\"\" width=\"100\" height=\"100\" loading=\"lazy\"\/><\/div><div class=\"uagb-ifb-title-wrap\"><h3 class=\"uagb-ifb-title\">Promocione su ciudad o regi\u00f3n<\/h3><\/div><p class=\"uagb-ifb-desc\">Haga que la gente quiera venir a visitar su ciudad o regi\u00f3n mediante la previsualizaci\u00f3n de rutas tur\u00edsticas que incluyan fotos, texto y comentarios de audio o v\u00eddeo.<\/p><\/div><\/div>\n\n\n\n<div class=\"wp-block-uagb-info-box uagb-block-d21b8425 uagb-infobox__content-wrap  uagb-infobox-icon-above-title uagb-infobox-image-valign-top\"><div class=\"uagb-ifb-content\"><div class=\"uagb-ifb-image-content\"><img decoding=\"async\" src=\"https:\/\/livelyguides.com\/wp-content\/uploads\/2022\/12\/rate-150x150.png\" alt=\"\" width=\"100\" height=\"100\" loading=\"lazy\"\/><\/div><div class=\"uagb-ifb-title-wrap\"><h3 class=\"uagb-ifb-title\">Mejore la experiencia del visitante en su ciudad o regi\u00f3n<\/h3><\/div><p class=\"uagb-ifb-desc\">Aumente la satisfacci\u00f3n de sus visitantes ofreci\u00e9ndoles una experiencia digital y actualizada.<\/p><\/div><\/div>\n\n\n\n<div class=\"wp-block-uagb-info-box uagb-block-44797757 uagb-infobox__content-wrap  uagb-infobox-icon-above-title uagb-infobox-image-valign-top\"><div class=\"uagb-ifb-content\"><div class=\"uagb-ifb-image-content\"><img decoding=\"async\" src=\"https:\/\/livelyguides.com\/wp-content\/uploads\/2022\/12\/public-150x150.png\" alt=\"\" width=\"100\" height=\"100\" loading=\"lazy\"\/><\/div><div class=\"uagb-ifb-title-wrap\"><h3 class=\"uagb-ifb-title\">Llegar a nuevos p\u00fablicos<\/h3><\/div><p class=\"uagb-ifb-desc\">Las visitas guiadas digitales atraen a nuevos p\u00fablicos: m\u00e1s j\u00f3venes y m\u00e1s conectados<\/p><\/div><\/div>\n<\/div>\n\n\n\n<div class=\"wp-block-uagb-container uagb-block-1baf0763 alignwide uagb-is-root-container\">\n<div class=\"wp-block-uagb-info-box uagb-block-b350c875 uagb-infobox__content-wrap  uagb-infobox-icon-above-title uagb-infobox-image-valign-top\"><div class=\"uagb-ifb-content\"><div class=\"uagb-ifb-image-content\"><img decoding=\"async\" src=\"https:\/\/livelyguides.com\/wp-content\/uploads\/2022\/12\/using-phone-thumb-150x150.png\" alt=\"\" width=\"100\" height=\"100\" loading=\"lazy\"\/><\/div><div class=\"uagb-ifb-title-wrap\"><h3 class=\"uagb-ifb-title\">Hacer m\u00e1s accesible la informaci\u00f3n tur\u00edstica<\/h3><\/div><p class=\"uagb-ifb-desc\">Sus visitas est\u00e1n disponibles inmediatamente, todos los d\u00edas y a cualquier hora, desde cualquier lugar de su ciudad o regi\u00f3n.<\/p><\/div><\/div>\n\n\n\n<div class=\"wp-block-uagb-info-box uagb-block-6e08c596 uagb-infobox__content-wrap  uagb-infobox-icon-above-title uagb-infobox-image-valign-top\"><div class=\"uagb-ifb-content\"><div class=\"uagb-ifb-image-content\"><img decoding=\"async\" src=\"https:\/\/livelyguides.com\/wp-content\/uploads\/2022\/12\/cost-reduction-150x150.png\" alt=\"\" width=\"100\" height=\"100\" loading=\"lazy\"\/><\/div><div class=\"uagb-ifb-title-wrap\"><h3 class=\"uagb-ifb-title\">Optimice sus costes de distribuci\u00f3n de informaci\u00f3n tur\u00edstica<\/h3><\/div><p class=\"uagb-ifb-desc\">Nuestra oferta es muy competitiva en comparaci\u00f3n con las soluciones digitales dedicadas. Ahorre a\u00fan m\u00e1s en la impresi\u00f3n de folletos y prospectos. Actualice sus contenidos de forma r\u00e1pida y sencilla. <\/p><\/div><\/div>\n\n\n\n<div class=\"wp-block-uagb-info-box uagb-block-2193332c uagb-infobox__content-wrap  uagb-infobox-icon-above-title uagb-infobox-image-valign-top\"><div class=\"uagb-ifb-content\"><div class=\"uagb-ifb-image-content\"><img decoding=\"async\" src=\"https:\/\/livelyguides.com\/wp-content\/uploads\/2022\/12\/store-150x150.png\" alt=\"\" width=\"100\" height=\"100\" loading=\"lazy\"\/><\/div><div class=\"uagb-ifb-title-wrap\"><h3 class=\"uagb-ifb-title\">Generar oportunidades de negocio para la econom\u00eda local<\/h3><\/div><p class=\"uagb-ifb-desc\">Destaque los servicios tur\u00edsticos y los comerciantes de su ciudad o regi\u00f3n <\/p><\/div><\/div>\n<\/div>\n<\/div><\/div>\n\n<div class=\"wp-block-uagb-container uagb-block-653c4ab4 alignfull uagb-is-root-container\"><div class=\"uagb-container-inner-blocks-wrap\">\n<div class=\"wp-block-uagb-advanced-heading uagb-block-19a9157f\"><h1 class=\"uagb-heading-text\">Indicaciones de precio<\/h1><\/div>\n\n\n\n<p>El precio de la publicaci\u00f3n de visitas digitales tiene dos partes:<br\/>&#8211; una suscripci\u00f3n mensual o anual para crear, actualizar y distribuir su recorrido en la aplicaci\u00f3n m\u00f3vil Lively Guides<br\/>&#8211; ayuda opcional para crear un recorrido digital<\/p>\n\n\n\n<p>El precio del abono depende de :<br\/>&#8211; funciones seleccionadas de la aplicaci\u00f3n m\u00f3vil<br\/>&#8211; el soporte elegido para crear y actualizar las visitas<br\/>Los abonos mensuales cuestan a partir de 200 euros sin IVA. P\u00f3ngase en contacto con nosotros o concierte una cita para obtener un presupuesto m\u00e1s preciso en funci\u00f3n de sus necesidades.<\/p>\n\n\n\n<p>El soporte opcional para crear un recorrido digital puede incluir :<br\/>&#8211; ayuda para elegir rutas y puntos de inter\u00e9s<br\/>&#8211; asistencia en la redacci\u00f3n de textos<br\/>&#8211; creaci\u00f3n de comentarios sonoros<br\/>&#8211; Traducciones<br\/>&#8211; tomar fotos o buscar en bancos de fotos<br\/>P\u00f3ngase en contacto con nosotros o concierte una cita para obtener un presupuesto.<\/p>\n<\/div><\/div>\n\n<div class=\"wp-block-uagb-container uagb-block-8db71be0 alignfull uagb-is-root-container\"><div class=\"uagb-container-inner-blocks-wrap\">\n<div class=\"wp-block-uagb-advanced-heading uagb-block-0f35a49e\"><h1 class=\"uagb-heading-text\">\u00bfDesea m\u00e1s informaci\u00f3n?<\/h1><\/div>\n\n\n\n<p class=\"has-text-align-center\" style=\"padding-top:var(--wp--preset--spacing--30);padding-right:var(--wp--preset--spacing--30);padding-bottom:var(--wp--preset--spacing--30);padding-left:var(--wp--preset--spacing--30)\">Si desea utilizar la plataforma para ofrecer visitas guiadas, env\u00edenos un mensaje o concierte una cita con nosotros.<\/p>\n\n\n\n<div class=\"wp-block-uagb-buttons uagb-buttons__outer-wrap uagb-btn__default-btn uagb-btn-tablet__default-btn uagb-btn-mobile__default-btn uagb-block-1b77cc0b\"><div class=\"uagb-buttons__wrap uagb-buttons-layout-wrap\">\n<div class=\"wp-block-uagb-buttons-child uagb-buttons__outer-wrap uagb-block-bcb62b3e wp-block-button is-style-outline\"><div class=\"uagb-button__wrapper\"><a class=\"uagb-buttons-repeater wp-block-button__link has-background\" href=\"https:\/\/livelyguides.com\/fr\/contact\/\" onclick=\"return true;\" rel=\"follow noopener\" target=\"_self\"><span class=\"uagb-button__icon uagb-button__icon-position-before\"><svg xmlns=\"https:\/\/www.w3.org\/2000\/svg\" viewbox=\"0 0 512 512\"><path d=\"M464 64C490.5 64 512 85.49 512 112C512 127.1 504.9 141.3 492.8 150.4L275.2 313.6C263.8 322.1 248.2 322.1 236.8 313.6L19.2 150.4C7.113 141.3 0 127.1 0 112C0 85.49 21.49 64 48 64H464zM217.6 339.2C240.4 356.3 271.6 356.3 294.4 339.2L512 176V384C512 419.3 483.3 448 448 448H64C28.65 448 0 419.3 0 384V176L217.6 339.2z\"><\/path><\/svg><\/span><div class=\"uagb-button__link\">Escr\u00edbanos<\/div><\/a><\/div><\/div>\n\n\n\n<div class=\"wp-block-uagb-buttons-child uagb-buttons__outer-wrap uagb-block-a0b9eca8 wp-block-button is-style-outline\"><div class=\"uagb-button__wrapper\"><a class=\"uagb-buttons-repeater wp-block-button__link\" href=\"https:\/\/livelyguides.com\/fr\/rendez-vous\/\" onclick=\"return true;\" rel=\"follow noopener\" target=\"_self\"><span class=\"uagb-button__icon uagb-button__icon-position-before\"><svg xmlns=\"https:\/\/www.w3.org\/2000\/svg\" viewbox=\"0 0 448 512\"><path d=\"M96 32C96 14.33 110.3 0 128 0C145.7 0 160 14.33 160 32V64H288V32C288 14.33 302.3 0 320 0C337.7 0 352 14.33 352 32V64H400C426.5 64 448 85.49 448 112V160H0V112C0 85.49 21.49 64 48 64H96V32zM448 464C448 490.5 426.5 512 400 512H48C21.49 512 0 490.5 0 464V192H448V464z\"><\/path><\/svg><\/span><div class=\"uagb-button__link\">Concertar una cita<\/div><\/a><\/div><\/div>\n<\/div><\/div>\n<\/div><\/div>\n","protected":false},"excerpt":{"rendered":"<p>Soluciones digitales para oficinas de turismo y autoridades locales Indicaciones de precio El precio de la publicaci\u00f3n de visitas digitales tiene dos partes:&#8211; una suscripci\u00f3n mensual o anual para crear, actualizar y distribuir su recorrido en la aplicaci\u00f3n m\u00f3vil Lively Guides&#8211; ayuda opcional para crear un recorrido digital El precio del abono depende de :&#8211; [&hellip;]<\/p>\n","protected":false},"author":1,"featured_media":0,"parent":0,"menu_order":0,"comment_status":"closed","ping_status":"closed","template":"","meta":{"_uag_custom_page_level_css":"","site-sidebar-layout":"default","site-content-layout":"","ast-site-content-layout":"","site-content-style":"default","site-sidebar-style":"default","ast-global-header-display":"","ast-banner-title-visibility":"","ast-main-header-display":"","ast-hfb-above-header-display":"","ast-hfb-below-header-display":"","ast-hfb-mobile-header-display":"","site-post-title":"disabled","ast-breadcrumbs-content":"","ast-featured-img":"","footer-sml-layout":"","theme-transparent-header-meta":"","adv-header-id-meta":"","stick-header-meta":"","header-above-stick-meta":"","header-main-stick-meta":"","header-below-stick-meta":"","astra-migrate-meta-layouts":"default","ast-page-background-enabled":"default","ast-page-background-meta":{"desktop":{"background-color":"var(--ast-global-color-4)","background-image":"","background-repeat":"repeat","background-position":"center center","background-size":"auto","background-attachment":"scroll","background-type":"","background-media":"","overlay-type":"","overlay-color":"","overlay-opacity":"","overlay-gradient":""},"tablet":{"background-color":"","background-image":"","background-repeat":"repeat","background-position":"center center","background-size":"auto","background-attachment":"scroll","background-type":"","background-media":"","overlay-type":"","overlay-color":"","overlay-opacity":"","overlay-gradient":""},"mobile":{"background-color":"","background-image":"","background-repeat":"repeat","background-position":"center center","background-size":"auto","background-attachment":"scroll","background-type":"","background-media":"","overlay-type":"","overlay-color":"","overlay-opacity":"","overlay-gradient":""}},"ast-content-background-meta":{"desktop":{"background-color":"var(--ast-global-color-5)","background-image":"","background-repeat":"repeat","background-position":"center center","background-size":"auto","background-attachment":"scroll","background-type":"","background-media":"","overlay-type":"","overlay-color":"","overlay-opacity":"","overlay-gradient":""},"tablet":{"background-color":"var(--ast-global-color-5)","background-image":"","background-repeat":"repeat","background-position":"center center","background-size":"auto","background-attachment":"scroll","background-type":"","background-media":"","overlay-type":"","overlay-color":"","overlay-opacity":"","overlay-gradient":""},"mobile":{"background-color":"var(--ast-global-color-5)","background-image":"","background-repeat":"repeat","background-position":"center center","background-size":"auto","background-attachment":"scroll","background-type":"","background-media":"","overlay-type":"","overlay-color":"","overlay-opacity":"","overlay-gradient":""}},"footnotes":""},"class_list":["post-1427","page","type-page","status-publish","hentry"],"yoast_head":"<!-- This site is optimized with the Yoast SEO plugin v22.8 - https:\/\/yoast.com\/wordpress\/plugins\/seo\/ -->\n<title>Lively Guides - Soluciones digitales para oficinas de turismo<\/title>\n<meta name=\"description\" content=\"Las oficinas de turismo y las autoridades locales ofrecen visitas guiadas digitales en Lively Guides para promocionar su ciudad o regi\u00f3n.\" \/>\n<meta name=\"robots\" content=\"index, follow, max-snippet:-1, max-image-preview:large, max-video-preview:-1\" \/>\n<link rel=\"canonical\" href=\"https:\/\/livelyguides.com\/es\/oficinas-de-turismo\/\" \/>\n<meta property=\"og:locale\" content=\"es_ES\" \/>\n<meta property=\"og:type\" content=\"article\" \/>\n<meta property=\"og:title\" content=\"Lively Guides - Soluciones digitales para oficinas de turismo\" \/>\n<meta property=\"og:description\" content=\"Las oficinas de turismo y las autoridades locales ofrecen visitas guiadas digitales en Lively Guides para promocionar su ciudad o regi\u00f3n.\" \/>\n<meta property=\"og:url\" content=\"https:\/\/livelyguides.com\/es\/oficinas-de-turismo\/\" \/>\n<meta property=\"og:site_name\" content=\"Lively Guides\" \/>\n<meta property=\"article:modified_time\" content=\"2024-01-28T22:37:25+00:00\" \/>\n<meta property=\"og:image\" content=\"https:\/\/livelyguides.com\/wp-content\/uploads\/2022\/12\/promotion-150x150.png\" \/>\n<meta name=\"twitter:card\" content=\"summary_large_image\" \/>\n<meta name=\"twitter:label1\" content=\"Tiempo de lectura\" \/>\n\t<meta name=\"twitter:data1\" content=\"2 minutos\" \/>\n<script type=\"application\/ld+json\" class=\"yoast-schema-graph\">{\"@context\":\"https:\/\/schema.org\",\"@graph\":[{\"@type\":\"WebPage\",\"@id\":\"https:\/\/livelyguides.com\/es\/oficinas-de-turismo\/\",\"url\":\"https:\/\/livelyguides.com\/es\/oficinas-de-turismo\/\",\"name\":\"Lively Guides - Soluciones digitales para oficinas de turismo\",\"isPartOf\":{\"@id\":\"https:\/\/livelyguides.com\/es\/#website\"},\"primaryImageOfPage\":{\"@id\":\"https:\/\/livelyguides.com\/es\/oficinas-de-turismo\/#primaryimage\"},\"image\":{\"@id\":\"https:\/\/livelyguides.com\/es\/oficinas-de-turismo\/#primaryimage\"},\"thumbnailUrl\":\"https:\/\/livelyguides.com\/wp-content\/uploads\/2022\/12\/promotion-150x150.png\",\"datePublished\":\"2022-11-04T12:11:30+00:00\",\"dateModified\":\"2024-01-28T22:37:25+00:00\",\"description\":\"Las oficinas de turismo y las autoridades locales ofrecen visitas guiadas digitales en Lively Guides para promocionar su ciudad o regi\u00f3n.\",\"breadcrumb\":{\"@id\":\"https:\/\/livelyguides.com\/es\/oficinas-de-turismo\/#breadcrumb\"},\"inLanguage\":\"es\",\"potentialAction\":[{\"@type\":\"ReadAction\",\"target\":[\"https:\/\/livelyguides.com\/es\/oficinas-de-turismo\/\"]}]},{\"@type\":\"ImageObject\",\"inLanguage\":\"es\",\"@id\":\"https:\/\/livelyguides.com\/es\/oficinas-de-turismo\/#primaryimage\",\"url\":\"https:\/\/livelyguides.com\/wp-content\/uploads\/2022\/12\/promotion-150x150.png\",\"contentUrl\":\"https:\/\/livelyguides.com\/wp-content\/uploads\/2022\/12\/promotion-150x150.png\"},{\"@type\":\"BreadcrumbList\",\"@id\":\"https:\/\/livelyguides.com\/es\/oficinas-de-turismo\/#breadcrumb\",\"itemListElement\":[{\"@type\":\"ListItem\",\"position\":1,\"name\":\"Home\",\"item\":\"https:\/\/livelyguides.com\/es\/\"},{\"@type\":\"ListItem\",\"position\":2,\"name\":\"Oficinas de turismo &#8211; ES\"}]},{\"@type\":\"WebSite\",\"@id\":\"https:\/\/livelyguides.com\/es\/#website\",\"url\":\"https:\/\/livelyguides.com\/es\/\",\"name\":\"Lively Guides\",\"description\":\"Guides touristiques digitaux\",\"publisher\":{\"@id\":\"https:\/\/livelyguides.com\/es\/#organization\"},\"potentialAction\":[{\"@type\":\"SearchAction\",\"target\":{\"@type\":\"EntryPoint\",\"urlTemplate\":\"https:\/\/livelyguides.com\/es\/?s={search_term_string}\"},\"query-input\":\"required name=search_term_string\"}],\"inLanguage\":\"es\"},{\"@type\":\"Organization\",\"@id\":\"https:\/\/livelyguides.com\/es\/#organization\",\"name\":\"Lively Guides\",\"url\":\"https:\/\/livelyguides.com\/es\/\",\"logo\":{\"@type\":\"ImageObject\",\"inLanguage\":\"es\",\"@id\":\"https:\/\/livelyguides.com\/es\/#\/schema\/logo\/image\/\",\"url\":\"https:\/\/livelyguides.com\/wp-content\/uploads\/2022\/11\/LivelyGuides-logo-et-texte-vert.png\",\"contentUrl\":\"https:\/\/livelyguides.com\/wp-content\/uploads\/2022\/11\/LivelyGuides-logo-et-texte-vert.png\",\"width\":500,\"height\":120,\"caption\":\"Lively Guides\"},\"image\":{\"@id\":\"https:\/\/livelyguides.com\/es\/#\/schema\/logo\/image\/\"},\"sameAs\":[\"https:\/\/www.linkedin.com\/company\/livelyguides\"]}]}<\/script>\n<!-- \/ Yoast SEO plugin. -->","yoast_head_json":{"title":"Lively Guides - Soluciones digitales para oficinas de turismo","description":"Las oficinas de turismo y las autoridades locales ofrecen visitas guiadas digitales en Lively Guides para promocionar su ciudad o regi\u00f3n.","robots":{"index":"index","follow":"follow","max-snippet":"max-snippet:-1","max-image-preview":"max-image-preview:large","max-video-preview":"max-video-preview:-1"},"canonical":"https:\/\/livelyguides.com\/es\/oficinas-de-turismo\/","og_locale":"es_ES","og_type":"article","og_title":"Lively Guides - Soluciones digitales para oficinas de turismo","og_description":"Las oficinas de turismo y las autoridades locales ofrecen visitas guiadas digitales en Lively Guides para promocionar su ciudad o regi\u00f3n.","og_url":"https:\/\/livelyguides.com\/es\/oficinas-de-turismo\/","og_site_name":"Lively Guides","article_modified_time":"2024-01-28T22:37:25+00:00","og_image":[{"url":"https:\/\/livelyguides.com\/wp-content\/uploads\/2022\/12\/promotion-150x150.png"}],"twitter_card":"summary_large_image","twitter_misc":{"Tiempo de lectura":"2 minutos"},"schema":{"@context":"https:\/\/schema.org","@graph":[{"@type":"WebPage","@id":"https:\/\/livelyguides.com\/es\/oficinas-de-turismo\/","url":"https:\/\/livelyguides.com\/es\/oficinas-de-turismo\/","name":"Lively Guides - Soluciones digitales para oficinas de turismo","isPartOf":{"@id":"https:\/\/livelyguides.com\/es\/#website"},"primaryImageOfPage":{"@id":"https:\/\/livelyguides.com\/es\/oficinas-de-turismo\/#primaryimage"},"image":{"@id":"https:\/\/livelyguides.com\/es\/oficinas-de-turismo\/#primaryimage"},"thumbnailUrl":"https:\/\/livelyguides.com\/wp-content\/uploads\/2022\/12\/promotion-150x150.png","datePublished":"2022-11-04T12:11:30+00:00","dateModified":"2024-01-28T22:37:25+00:00","description":"Las oficinas de turismo y las autoridades locales ofrecen visitas guiadas digitales en Lively Guides para promocionar su ciudad o regi\u00f3n.","breadcrumb":{"@id":"https:\/\/livelyguides.com\/es\/oficinas-de-turismo\/#breadcrumb"},"inLanguage":"es","potentialAction":[{"@type":"ReadAction","target":["https:\/\/livelyguides.com\/es\/oficinas-de-turismo\/"]}]},{"@type":"ImageObject","inLanguage":"es","@id":"https:\/\/livelyguides.com\/es\/oficinas-de-turismo\/#primaryimage","url":"https:\/\/livelyguides.com\/wp-content\/uploads\/2022\/12\/promotion-150x150.png","contentUrl":"https:\/\/livelyguides.com\/wp-content\/uploads\/2022\/12\/promotion-150x150.png"},{"@type":"BreadcrumbList","@id":"https:\/\/livelyguides.com\/es\/oficinas-de-turismo\/#breadcrumb","itemListElement":[{"@type":"ListItem","position":1,"name":"Home","item":"https:\/\/livelyguides.com\/es\/"},{"@type":"ListItem","position":2,"name":"Oficinas de turismo &#8211; ES"}]},{"@type":"WebSite","@id":"https:\/\/livelyguides.com\/es\/#website","url":"https:\/\/livelyguides.com\/es\/","name":"Lively Guides","description":"Guides touristiques digitaux","publisher":{"@id":"https:\/\/livelyguides.com\/es\/#organization"},"potentialAction":[{"@type":"SearchAction","target":{"@type":"EntryPoint","urlTemplate":"https:\/\/livelyguides.com\/es\/?s={search_term_string}"},"query-input":"required name=search_term_string"}],"inLanguage":"es"},{"@type":"Organization","@id":"https:\/\/livelyguides.com\/es\/#organization","name":"Lively Guides","url":"https:\/\/livelyguides.com\/es\/","logo":{"@type":"ImageObject","inLanguage":"es","@id":"https:\/\/livelyguides.com\/es\/#\/schema\/logo\/image\/","url":"https:\/\/livelyguides.com\/wp-content\/uploads\/2022\/11\/LivelyGuides-logo-et-texte-vert.png","contentUrl":"https:\/\/livelyguides.com\/wp-content\/uploads\/2022\/11\/LivelyGuides-logo-et-texte-vert.png","width":500,"height":120,"caption":"Lively Guides"},"image":{"@id":"https:\/\/livelyguides.com\/es\/#\/schema\/logo\/image\/"},"sameAs":["https:\/\/www.linkedin.com\/company\/livelyguides"]}]}},"uagb_featured_image_src":{"full":false,"thumbnail":false,"medium":false,"medium_large":false,"large":false,"1536x1536":false,"2048x2048":false},"uagb_author_info":{"display_name":"David","author_link":"https:\/\/livelyguides.com\/es\/author\/davidwijnker\/"},"uagb_comment_info":0,"uagb_excerpt":"Soluciones digitales para oficinas de turismo y autoridades locales Indicaciones de precio El precio de la publicaci\u00f3n de visitas digitales tiene dos partes:&#8211; una suscripci\u00f3n mensual o anual para crear, actualizar y distribuir su recorrido en la aplicaci\u00f3n m\u00f3vil Lively Guides&#8211; ayuda opcional para crear un recorrido digital El precio del abono depende de :&#8211;&hellip;","_links":{"self":[{"href":"https:\/\/livelyguides.com\/es\/wp-json\/wp\/v2\/pages\/1427","targetHints":{"allow":["GET"]}}],"collection":[{"href":"https:\/\/livelyguides.com\/es\/wp-json\/wp\/v2\/pages"}],"about":[{"href":"https:\/\/livelyguides.com\/es\/wp-json\/wp\/v2\/types\/page"}],"author":[{"embeddable":true,"href":"https:\/\/livelyguides.com\/es\/wp-json\/wp\/v2\/users\/1"}],"replies":[{"embeddable":true,"href":"https:\/\/livelyguides.com\/es\/wp-json\/wp\/v2\/comments?post=1427"}],"version-history":[{"count":3,"href":"https:\/\/livelyguides.com\/es\/wp-json\/wp\/v2\/pages\/1427\/revisions"}],"predecessor-version":[{"id":1430,"href":"https:\/\/livelyguides.com\/es\/wp-json\/wp\/v2\/pages\/1427\/revisions\/1430"}],"wp:attachment":[{"href":"https:\/\/livelyguides.com\/es\/wp-json\/wp\/v2\/media?parent=1427"}],"curies":[{"name":"wp","href":"https:\/\/api.w.org\/{rel}","templated":true}]}}