{"id":1431,"date":"2022-12-28T16:50:59","date_gmt":"2022-12-28T14:50:59","guid":{"rendered":"https:\/\/livelyguides.com\/instituciones-culturales\/"},"modified":"2024-01-29T00:45:00","modified_gmt":"2024-01-28T22:45:00","slug":"instituciones-culturales","status":"publish","type":"page","link":"https:\/\/livelyguides.com\/es\/instituciones-culturales\/","title":{"rendered":"Espacios culturales &#8211; ES"},"content":{"rendered":"\n<div class=\"wp-block-uagb-container uagb-block-16d8a77e alignfull uagb-is-root-container\"><div class=\"uagb-container-inner-blocks-wrap\">\n<div class=\"wp-block-uagb-advanced-heading uagb-block-eae89d55\"><h1 class=\"uagb-heading-text\">Soluciones para instituciones culturales<\/h1><\/div>\n\n\n\n<div class=\"wp-block-uagb-container uagb-block-7084c00b alignwide uagb-is-root-container\">\n<div class=\"wp-block-uagb-info-box uagb-block-9c3a4715 uagb-infobox__content-wrap  uagb-infobox-icon-above-title uagb-infobox-image-valign-top\"><div class=\"uagb-ifb-content\"><div class=\"uagb-ifb-image-content\"><img decoding=\"async\" src=\"https:\/\/livelyguides.com\/wp-content\/uploads\/2022\/12\/rate-150x150.png\" alt=\"Evaluation avec des &#xE9;toiles\" width=\"100\" height=\"100\" loading=\"lazy\"\/><\/div><div class=\"uagb-ifb-title-wrap\"><h3 class=\"uagb-ifb-title\">Mejore la experiencia del visitante en su instituci\u00f3n cultural<\/h3><\/div><p class=\"uagb-ifb-desc\">Aumente la satisfacci\u00f3n y el compromiso de sus visitantes ofreci\u00e9ndoles una experiencia digital y actualizada.<\/p><\/div><\/div>\n\n\n\n<div class=\"wp-block-uagb-info-box uagb-block-679eda5b uagb-infobox__content-wrap  uagb-infobox-icon-above-title uagb-infobox-image-valign-top\"><div class=\"uagb-ifb-content\"><div class=\"uagb-ifb-image-content\"><img decoding=\"async\" src=\"https:\/\/livelyguides.com\/wp-content\/uploads\/2022\/12\/public-150x150.png\" alt=\"\" width=\"100\" height=\"100\" loading=\"lazy\"\/><\/div><div class=\"uagb-ifb-title-wrap\"><h3 class=\"uagb-ifb-title\">Llegar a nuevos p\u00fablicos<\/h3><\/div><p class=\"uagb-ifb-desc\">Las visitas guiadas digitales atraen a un p\u00fablico nuevo, m\u00e1s joven y conectado.<\/p><\/div><\/div>\n\n\n\n<div class=\"wp-block-uagb-info-box uagb-block-03c7c098 uagb-infobox__content-wrap  uagb-infobox-icon-above-title uagb-infobox-image-valign-top\"><div class=\"uagb-ifb-content\"><div class=\"uagb-ifb-image-content\"><img decoding=\"async\" src=\"https:\/\/livelyguides.com\/wp-content\/uploads\/\/preview-150x150.png\" alt=\"pr&#xE9;visualisation, &#x153;il dans un &#xE9;cran\" width=\"100\" height=\"100\" loading=\"lazy\"\/><\/div><div class=\"uagb-ifb-title-wrap\"><h3 class=\"uagb-ifb-title\">Ayude a sus visitantes a preparar su visita<\/h3><\/div><p class=\"uagb-ifb-desc\">Los visitantes pueden preparar y previsualizar su visita, su itinerario y empezar a conocer el contenido del recorrido.<\/p><\/div><\/div>\n<\/div>\n\n\n\n<div class=\"wp-block-uagb-container uagb-block-1695ddf0 alignwide uagb-is-root-container\">\n<div class=\"wp-block-uagb-info-box uagb-block-b64f068a uagb-infobox__content-wrap  uagb-infobox-icon-above-title uagb-infobox-image-valign-top\"><div class=\"uagb-ifb-content\"><div class=\"uagb-ifb-image-content\"><img decoding=\"async\" src=\"https:\/\/livelyguides.com\/wp-content\/uploads\/\/customize-bold-150x150.png\" alt=\"3 boutons de r&#xE9;glage\" width=\"100\" height=\"100\" loading=\"lazy\"\/><\/div><div class=\"uagb-ifb-title-wrap\"><h3 class=\"uagb-ifb-title\">Ofrecer recorridos personalizados<\/h3><\/div><p class=\"uagb-ifb-desc\">Sugerir rutas seg\u00fan intereses, deseos, grupo (familia con ni\u00f1os, adultos) y tiempo disponible.<\/p><\/div><\/div>\n\n\n\n<div class=\"wp-block-uagb-info-box uagb-block-7648c8fc uagb-infobox__content-wrap  uagb-infobox-icon-above-title uagb-infobox-image-valign-top\"><div class=\"uagb-ifb-content\"><div class=\"uagb-ifb-image-content\"><img decoding=\"async\" src=\"https:\/\/livelyguides.com\/wp-content\/uploads\/2022\/12\/cost-reduction-150x150.png\" alt=\"\" width=\"100\" height=\"100\" loading=\"lazy\"\/><\/div><div class=\"uagb-ifb-title-wrap\"><h3 class=\"uagb-ifb-title\">Optimice los costes de su audiogu\u00eda<\/h3><\/div><p class=\"uagb-ifb-desc\">Reduzca su inversi\u00f3n y sus costes de funcionamiento en comparaci\u00f3n con las audiogu\u00edas tradicionales.<br\/>Nuestra oferta tambi\u00e9n es muy competitiva en comparaci\u00f3n con las soluciones digitales dedicadas.<\/p><\/div><\/div>\n\n\n\n<div class=\"wp-block-uagb-info-box uagb-block-a905219b uagb-infobox__content-wrap  uagb-infobox-icon-above-title uagb-infobox-image-valign-top\"><div class=\"uagb-ifb-content\"><div class=\"uagb-ifb-image-content\"><img decoding=\"async\" src=\"https:\/\/livelyguides.com\/wp-content\/uploads\/\/updating-150x150.png\" alt=\"actualisation, fl&#xE8;ches circulaires\" width=\"100\" height=\"100\" loading=\"lazy\"\/><\/div><div class=\"uagb-ifb-title-wrap\"><h3 class=\"uagb-ifb-title\">Actualice sus contenidos de forma r\u00e1pida y sencilla<\/h3><\/div><p class=\"uagb-ifb-desc\">Actualice sus contenidos e itinerarios f\u00e1cilmente, con actualizaciones casi instant\u00e1neas para sus visitantes<\/p><\/div><\/div>\n<\/div>\n<\/div><\/div>\n\n<div class=\"wp-block-uagb-container uagb-block-ea53774b alignfull uagb-is-root-container\"><div class=\"uagb-container-inner-blocks-wrap\">\n<div class=\"wp-block-uagb-advanced-heading uagb-block-da0e85ef\"><h1 class=\"uagb-heading-text\">Indicaciones de precio<\/h1><\/div>\n\n\n\n<p>El precio de la publicaci\u00f3n de visitas digitales tiene dos partes:<br\/>&#8211; una suscripci\u00f3n mensual o anual para crear, actualizar y distribuir su recorrido en la aplicaci\u00f3n m\u00f3vil Lively Guides<br\/>&#8211; ayuda opcional para crear un recorrido digital<\/p>\n\n\n\n<p>El precio del abono depende de :<br\/>&#8211; funciones seleccionadas de la aplicaci\u00f3n m\u00f3vil<br\/>&#8211; el soporte elegido para crear y actualizar las visitas<br\/>Los abonos mensuales cuestan a partir de 200 euros sin IVA. P\u00f3ngase en contacto con nosotros o concierte una cita para obtener un presupuesto m\u00e1s preciso en funci\u00f3n de sus necesidades.<\/p>\n\n\n\n<p>El soporte opcional para crear un recorrido digital puede incluir :<br\/>&#8211; ayuda para elegir rutas y puntos de inter\u00e9s<br\/>&#8211; asistencia en la redacci\u00f3n de textos<br\/>&#8211; creaci\u00f3n de comentarios sonoros<br\/>&#8211; Traducciones<br\/>&#8211; tomar fotos o buscar en bancos de fotos<br\/>P\u00f3ngase en contacto con nosotros o concierte una cita para obtener un presupuesto.<\/p>\n<\/div><\/div>\n\n<div class=\"wp-block-uagb-container uagb-block-61408c1f alignfull uagb-is-root-container\"><div class=\"uagb-container-inner-blocks-wrap\">\n<div class=\"wp-block-uagb-advanced-heading uagb-block-e676d942\"><h1 class=\"uagb-heading-text\">\u00bfDesea m\u00e1s informaci\u00f3n?<\/h1><\/div>\n\n\n\n<p class=\"has-text-align-center\" style=\"padding-top:var(--wp--preset--spacing--30);padding-right:var(--wp--preset--spacing--30);padding-bottom:var(--wp--preset--spacing--30);padding-left:var(--wp--preset--spacing--30)\">Si desea utilizar la plataforma para ofrecer visitas guiadas, env\u00edenos un mensaje o concierte una cita con nosotros.<\/p>\n\n\n\n<div class=\"wp-block-uagb-buttons uagb-buttons__outer-wrap uagb-btn__default-btn uagb-btn-tablet__default-btn uagb-btn-mobile__default-btn uagb-block-6b2a444e\"><div class=\"uagb-buttons__wrap uagb-buttons-layout-wrap\">\n<div class=\"wp-block-uagb-buttons-child uagb-buttons__outer-wrap uagb-block-8fedfedd wp-block-button is-style-outline\"><div class=\"uagb-button__wrapper\"><a class=\"uagb-buttons-repeater wp-block-button__link has-background\" href=\"https:\/\/livelyguides.com\/fr\/contact\/\" onclick=\"return true;\" rel=\"follow noopener\" target=\"_self\"><span class=\"uagb-button__icon uagb-button__icon-position-before\"><svg xmlns=\"https:\/\/www.w3.org\/2000\/svg\" viewbox=\"0 0 512 512\"><path d=\"M464 64C490.5 64 512 85.49 512 112C512 127.1 504.9 141.3 492.8 150.4L275.2 313.6C263.8 322.1 248.2 322.1 236.8 313.6L19.2 150.4C7.113 141.3 0 127.1 0 112C0 85.49 21.49 64 48 64H464zM217.6 339.2C240.4 356.3 271.6 356.3 294.4 339.2L512 176V384C512 419.3 483.3 448 448 448H64C28.65 448 0 419.3 0 384V176L217.6 339.2z\"><\/path><\/svg><\/span><div class=\"uagb-button__link\">Escr\u00edbanos<\/div><\/a><\/div><\/div>\n\n\n\n<div class=\"wp-block-uagb-buttons-child uagb-buttons__outer-wrap uagb-block-403acf58 wp-block-button is-style-outline\"><div class=\"uagb-button__wrapper\"><a class=\"uagb-buttons-repeater wp-block-button__link\" href=\"https:\/\/livelyguides.com\/fr\/rendez-vous\/\" onclick=\"return true;\" rel=\"follow noopener\" target=\"_self\"><span class=\"uagb-button__icon uagb-button__icon-position-before\"><svg xmlns=\"https:\/\/www.w3.org\/2000\/svg\" viewbox=\"0 0 448 512\"><path d=\"M96 32C96 14.33 110.3 0 128 0C145.7 0 160 14.33 160 32V64H288V32C288 14.33 302.3 0 320 0C337.7 0 352 14.33 352 32V64H400C426.5 64 448 85.49 448 112V160H0V112C0 85.49 21.49 64 48 64H96V32zM448 464C448 490.5 426.5 512 400 512H48C21.49 512 0 490.5 0 464V192H448V464z\"><\/path><\/svg><\/span><div class=\"uagb-button__link\">Concertar una cita<\/div><\/a><\/div><\/div>\n<\/div><\/div>\n<\/div><\/div>\n","protected":false},"excerpt":{"rendered":"<p>Soluciones para instituciones culturales Indicaciones de precio El precio de la publicaci\u00f3n de visitas digitales tiene dos partes:&#8211; una suscripci\u00f3n mensual o anual para crear, actualizar y distribuir su recorrido en la aplicaci\u00f3n m\u00f3vil Lively Guides&#8211; ayuda opcional para crear un recorrido digital El precio del abono depende de :&#8211; funciones seleccionadas de la aplicaci\u00f3n [&hellip;]<\/p>\n","protected":false},"author":1,"featured_media":0,"parent":0,"menu_order":0,"comment_status":"closed","ping_status":"closed","template":"","meta":{"_uag_custom_page_level_css":"","site-sidebar-layout":"default","site-content-layout":"","ast-site-content-layout":"","site-content-style":"default","site-sidebar-style":"default","ast-global-header-display":"","ast-banner-title-visibility":"","ast-main-header-display":"","ast-hfb-above-header-display":"","ast-hfb-below-header-display":"","ast-hfb-mobile-header-display":"","site-post-title":"disabled","ast-breadcrumbs-content":"","ast-featured-img":"","footer-sml-layout":"","theme-transparent-header-meta":"","adv-header-id-meta":"","stick-header-meta":"","header-above-stick-meta":"","header-main-stick-meta":"","header-below-stick-meta":"","astra-migrate-meta-layouts":"default","ast-page-background-enabled":"default","ast-page-background-meta":{"desktop":{"background-color":"var(--ast-global-color-4)","background-image":"","background-repeat":"repeat","background-position":"center center","background-size":"auto","background-attachment":"scroll","background-type":"","background-media":"","overlay-type":"","overlay-color":"","overlay-opacity":"","overlay-gradient":""},"tablet":{"background-color":"","background-image":"","background-repeat":"repeat","background-position":"center center","background-size":"auto","background-attachment":"scroll","background-type":"","background-media":"","overlay-type":"","overlay-color":"","overlay-opacity":"","overlay-gradient":""},"mobile":{"background-color":"","background-image":"","background-repeat":"repeat","background-position":"center center","background-size":"auto","background-attachment":"scroll","background-type":"","background-media":"","overlay-type":"","overlay-color":"","overlay-opacity":"","overlay-gradient":""}},"ast-content-background-meta":{"desktop":{"background-color":"var(--ast-global-color-5)","background-image":"","background-repeat":"repeat","background-position":"center center","background-size":"auto","background-attachment":"scroll","background-type":"","background-media":"","overlay-type":"","overlay-color":"","overlay-opacity":"","overlay-gradient":""},"tablet":{"background-color":"var(--ast-global-color-5)","background-image":"","background-repeat":"repeat","background-position":"center center","background-size":"auto","background-attachment":"scroll","background-type":"","background-media":"","overlay-type":"","overlay-color":"","overlay-opacity":"","overlay-gradient":""},"mobile":{"background-color":"var(--ast-global-color-5)","background-image":"","background-repeat":"repeat","background-position":"center center","background-size":"auto","background-attachment":"scroll","background-type":"","background-media":"","overlay-type":"","overlay-color":"","overlay-opacity":"","overlay-gradient":""}},"footnotes":""},"class_list":["post-1431","page","type-page","status-publish","hentry"],"yoast_head":"<!-- This site is optimized with the Yoast SEO plugin v22.8 - https:\/\/yoast.com\/wordpress\/plugins\/seo\/ -->\n<title>Lively Guides - Soluciones digitales para instituciones culturales<\/title>\n<meta name=\"description\" content=\"Instituciones culturales, museos, ofrezcan visitas digitales guiadas para mejorar la experiencia del visitante en su instituci\u00f3n.\" \/>\n<meta name=\"robots\" content=\"index, follow, max-snippet:-1, max-image-preview:large, max-video-preview:-1\" \/>\n<link rel=\"canonical\" href=\"https:\/\/livelyguides.com\/es\/instituciones-culturales\/\" \/>\n<meta property=\"og:locale\" content=\"es_ES\" \/>\n<meta property=\"og:type\" content=\"article\" \/>\n<meta property=\"og:title\" content=\"Lively Guides - Soluciones digitales para instituciones culturales\" \/>\n<meta property=\"og:description\" content=\"Instituciones culturales, museos, ofrezcan visitas digitales guiadas para mejorar la experiencia del visitante en su instituci\u00f3n.\" \/>\n<meta property=\"og:url\" content=\"https:\/\/livelyguides.com\/es\/instituciones-culturales\/\" \/>\n<meta property=\"og:site_name\" content=\"Lively Guides\" \/>\n<meta property=\"article:modified_time\" content=\"2024-01-28T22:45:00+00:00\" \/>\n<meta property=\"og:image\" content=\"https:\/\/livelyguides.com\/wp-content\/uploads\/2022\/12\/rate-150x150.png\" \/>\n<meta name=\"twitter:card\" content=\"summary_large_image\" \/>\n<meta name=\"twitter:label1\" content=\"Tiempo de lectura\" \/>\n\t<meta name=\"twitter:data1\" content=\"2 minutos\" \/>\n<script type=\"application\/ld+json\" class=\"yoast-schema-graph\">{\"@context\":\"https:\/\/schema.org\",\"@graph\":[{\"@type\":\"WebPage\",\"@id\":\"https:\/\/livelyguides.com\/es\/instituciones-culturales\/\",\"url\":\"https:\/\/livelyguides.com\/es\/instituciones-culturales\/\",\"name\":\"Lively Guides - Soluciones digitales para instituciones culturales\",\"isPartOf\":{\"@id\":\"https:\/\/livelyguides.com\/es\/#website\"},\"primaryImageOfPage\":{\"@id\":\"https:\/\/livelyguides.com\/es\/instituciones-culturales\/#primaryimage\"},\"image\":{\"@id\":\"https:\/\/livelyguides.com\/es\/instituciones-culturales\/#primaryimage\"},\"thumbnailUrl\":\"https:\/\/livelyguides.com\/wp-content\/uploads\/2022\/12\/rate-150x150.png\",\"datePublished\":\"2022-12-28T14:50:59+00:00\",\"dateModified\":\"2024-01-28T22:45:00+00:00\",\"description\":\"Instituciones culturales, museos, ofrezcan visitas digitales guiadas para mejorar la experiencia del visitante en su instituci\u00f3n.\",\"breadcrumb\":{\"@id\":\"https:\/\/livelyguides.com\/es\/instituciones-culturales\/#breadcrumb\"},\"inLanguage\":\"es\",\"potentialAction\":[{\"@type\":\"ReadAction\",\"target\":[\"https:\/\/livelyguides.com\/es\/instituciones-culturales\/\"]}]},{\"@type\":\"ImageObject\",\"inLanguage\":\"es\",\"@id\":\"https:\/\/livelyguides.com\/es\/instituciones-culturales\/#primaryimage\",\"url\":\"https:\/\/livelyguides.com\/wp-content\/uploads\/2022\/12\/rate-150x150.png\",\"contentUrl\":\"https:\/\/livelyguides.com\/wp-content\/uploads\/2022\/12\/rate-150x150.png\"},{\"@type\":\"BreadcrumbList\",\"@id\":\"https:\/\/livelyguides.com\/es\/instituciones-culturales\/#breadcrumb\",\"itemListElement\":[{\"@type\":\"ListItem\",\"position\":1,\"name\":\"Home\",\"item\":\"https:\/\/livelyguides.com\/es\/\"},{\"@type\":\"ListItem\",\"position\":2,\"name\":\"Espacios culturales &#8211; ES\"}]},{\"@type\":\"WebSite\",\"@id\":\"https:\/\/livelyguides.com\/es\/#website\",\"url\":\"https:\/\/livelyguides.com\/es\/\",\"name\":\"Lively Guides\",\"description\":\"Guides touristiques digitaux\",\"publisher\":{\"@id\":\"https:\/\/livelyguides.com\/es\/#organization\"},\"potentialAction\":[{\"@type\":\"SearchAction\",\"target\":{\"@type\":\"EntryPoint\",\"urlTemplate\":\"https:\/\/livelyguides.com\/es\/?s={search_term_string}\"},\"query-input\":\"required name=search_term_string\"}],\"inLanguage\":\"es\"},{\"@type\":\"Organization\",\"@id\":\"https:\/\/livelyguides.com\/es\/#organization\",\"name\":\"Lively Guides\",\"url\":\"https:\/\/livelyguides.com\/es\/\",\"logo\":{\"@type\":\"ImageObject\",\"inLanguage\":\"es\",\"@id\":\"https:\/\/livelyguides.com\/es\/#\/schema\/logo\/image\/\",\"url\":\"https:\/\/livelyguides.com\/wp-content\/uploads\/2022\/11\/LivelyGuides-logo-et-texte-vert.png\",\"contentUrl\":\"https:\/\/livelyguides.com\/wp-content\/uploads\/2022\/11\/LivelyGuides-logo-et-texte-vert.png\",\"width\":500,\"height\":120,\"caption\":\"Lively Guides\"},\"image\":{\"@id\":\"https:\/\/livelyguides.com\/es\/#\/schema\/logo\/image\/\"},\"sameAs\":[\"https:\/\/www.linkedin.com\/company\/livelyguides\"]}]}<\/script>\n<!-- \/ Yoast SEO plugin. -->","yoast_head_json":{"title":"Lively Guides - Soluciones digitales para instituciones culturales","description":"Instituciones culturales, museos, ofrezcan visitas digitales guiadas para mejorar la experiencia del visitante en su instituci\u00f3n.","robots":{"index":"index","follow":"follow","max-snippet":"max-snippet:-1","max-image-preview":"max-image-preview:large","max-video-preview":"max-video-preview:-1"},"canonical":"https:\/\/livelyguides.com\/es\/instituciones-culturales\/","og_locale":"es_ES","og_type":"article","og_title":"Lively Guides - Soluciones digitales para instituciones culturales","og_description":"Instituciones culturales, museos, ofrezcan visitas digitales guiadas para mejorar la experiencia del visitante en su instituci\u00f3n.","og_url":"https:\/\/livelyguides.com\/es\/instituciones-culturales\/","og_site_name":"Lively Guides","article_modified_time":"2024-01-28T22:45:00+00:00","og_image":[{"url":"https:\/\/livelyguides.com\/wp-content\/uploads\/2022\/12\/rate-150x150.png"}],"twitter_card":"summary_large_image","twitter_misc":{"Tiempo de lectura":"2 minutos"},"schema":{"@context":"https:\/\/schema.org","@graph":[{"@type":"WebPage","@id":"https:\/\/livelyguides.com\/es\/instituciones-culturales\/","url":"https:\/\/livelyguides.com\/es\/instituciones-culturales\/","name":"Lively Guides - Soluciones digitales para instituciones culturales","isPartOf":{"@id":"https:\/\/livelyguides.com\/es\/#website"},"primaryImageOfPage":{"@id":"https:\/\/livelyguides.com\/es\/instituciones-culturales\/#primaryimage"},"image":{"@id":"https:\/\/livelyguides.com\/es\/instituciones-culturales\/#primaryimage"},"thumbnailUrl":"https:\/\/livelyguides.com\/wp-content\/uploads\/2022\/12\/rate-150x150.png","datePublished":"2022-12-28T14:50:59+00:00","dateModified":"2024-01-28T22:45:00+00:00","description":"Instituciones culturales, museos, ofrezcan visitas digitales guiadas para mejorar la experiencia del visitante en su instituci\u00f3n.","breadcrumb":{"@id":"https:\/\/livelyguides.com\/es\/instituciones-culturales\/#breadcrumb"},"inLanguage":"es","potentialAction":[{"@type":"ReadAction","target":["https:\/\/livelyguides.com\/es\/instituciones-culturales\/"]}]},{"@type":"ImageObject","inLanguage":"es","@id":"https:\/\/livelyguides.com\/es\/instituciones-culturales\/#primaryimage","url":"https:\/\/livelyguides.com\/wp-content\/uploads\/2022\/12\/rate-150x150.png","contentUrl":"https:\/\/livelyguides.com\/wp-content\/uploads\/2022\/12\/rate-150x150.png"},{"@type":"BreadcrumbList","@id":"https:\/\/livelyguides.com\/es\/instituciones-culturales\/#breadcrumb","itemListElement":[{"@type":"ListItem","position":1,"name":"Home","item":"https:\/\/livelyguides.com\/es\/"},{"@type":"ListItem","position":2,"name":"Espacios culturales &#8211; ES"}]},{"@type":"WebSite","@id":"https:\/\/livelyguides.com\/es\/#website","url":"https:\/\/livelyguides.com\/es\/","name":"Lively Guides","description":"Guides touristiques digitaux","publisher":{"@id":"https:\/\/livelyguides.com\/es\/#organization"},"potentialAction":[{"@type":"SearchAction","target":{"@type":"EntryPoint","urlTemplate":"https:\/\/livelyguides.com\/es\/?s={search_term_string}"},"query-input":"required name=search_term_string"}],"inLanguage":"es"},{"@type":"Organization","@id":"https:\/\/livelyguides.com\/es\/#organization","name":"Lively Guides","url":"https:\/\/livelyguides.com\/es\/","logo":{"@type":"ImageObject","inLanguage":"es","@id":"https:\/\/livelyguides.com\/es\/#\/schema\/logo\/image\/","url":"https:\/\/livelyguides.com\/wp-content\/uploads\/2022\/11\/LivelyGuides-logo-et-texte-vert.png","contentUrl":"https:\/\/livelyguides.com\/wp-content\/uploads\/2022\/11\/LivelyGuides-logo-et-texte-vert.png","width":500,"height":120,"caption":"Lively Guides"},"image":{"@id":"https:\/\/livelyguides.com\/es\/#\/schema\/logo\/image\/"},"sameAs":["https:\/\/www.linkedin.com\/company\/livelyguides"]}]}},"uagb_featured_image_src":{"full":false,"thumbnail":false,"medium":false,"medium_large":false,"large":false,"1536x1536":false,"2048x2048":false},"uagb_author_info":{"display_name":"David","author_link":"https:\/\/livelyguides.com\/es\/author\/davidwijnker\/"},"uagb_comment_info":0,"uagb_excerpt":"Soluciones para instituciones culturales Indicaciones de precio El precio de la publicaci\u00f3n de visitas digitales tiene dos partes:&#8211; una suscripci\u00f3n mensual o anual para crear, actualizar y distribuir su recorrido en la aplicaci\u00f3n m\u00f3vil Lively Guides&#8211; ayuda opcional para crear un recorrido digital El precio del abono depende de :&#8211; funciones seleccionadas de la aplicaci\u00f3n&hellip;","_links":{"self":[{"href":"https:\/\/livelyguides.com\/es\/wp-json\/wp\/v2\/pages\/1431","targetHints":{"allow":["GET"]}}],"collection":[{"href":"https:\/\/livelyguides.com\/es\/wp-json\/wp\/v2\/pages"}],"about":[{"href":"https:\/\/livelyguides.com\/es\/wp-json\/wp\/v2\/types\/page"}],"author":[{"embeddable":true,"href":"https:\/\/livelyguides.com\/es\/wp-json\/wp\/v2\/users\/1"}],"replies":[{"embeddable":true,"href":"https:\/\/livelyguides.com\/es\/wp-json\/wp\/v2\/comments?post=1431"}],"version-history":[{"count":3,"href":"https:\/\/livelyguides.com\/es\/wp-json\/wp\/v2\/pages\/1431\/revisions"}],"predecessor-version":[{"id":1434,"href":"https:\/\/livelyguides.com\/es\/wp-json\/wp\/v2\/pages\/1431\/revisions\/1434"}],"wp:attachment":[{"href":"https:\/\/livelyguides.com\/es\/wp-json\/wp\/v2\/media?parent=1431"}],"curies":[{"name":"wp","href":"https:\/\/api.w.org\/{rel}","templated":true}]}}