{"id":127,"date":"2022-11-04T14:11:30","date_gmt":"2022-11-04T12:11:30","guid":{"rendered":"https:\/\/lively-guides.com\/?page_id=127"},"modified":"2022-12-28T16:13:53","modified_gmt":"2022-12-28T14:13:53","slug":"offices-de-tourisme","status":"publish","type":"page","link":"https:\/\/livelyguides.com\/fr\/offices-de-tourisme\/","title":{"rendered":"Tourist offices &#8211; FR"},"content":{"rendered":"\n<div class=\"wp-block-uagb-container uagb-block-b1adb60e alignfull uagb-is-root-container\"><div class=\"uagb-container-inner-blocks-wrap\">\n<div class=\"wp-block-uagb-advanced-heading uagb-block-add42a8b\"><h1 class=\"uagb-heading-text\">Solutions digitales pour les offices de tourisme et collectivit\u00e9s locales<\/h1><\/div>\n\n\n\n<div class=\"wp-block-uagb-container uagb-block-4e53db0d alignwide uagb-is-root-container\">\n<div class=\"wp-block-uagb-info-box uagb-block-a117dd20 uagb-infobox__content-wrap  uagb-infobox-icon-above-title uagb-infobox-image-valign-top\"><div class=\"uagb-ifb-content\"><div class=\"uagb-ifb-image-content\"><img decoding=\"async\" src=\"https:\/\/livelyguides.com\/wp-content\/uploads\/2022\/12\/promotion-150x150.png\" alt=\"\" width=\"100\" height=\"100\" loading=\"lazy\"\/><\/div><div class=\"uagb-ifb-title-wrap\"><h3 class=\"uagb-ifb-title\">Faites la promotion de votre ville ou r\u00e9gion<\/h3><\/div><p class=\"uagb-ifb-desc\">Donnez envie de venir visiter votre ville ou r\u00e9gion avec la pr\u00e9visualisation des parcours touristiques incluant photos, texte et commentaires audio ou vid\u00e9o.<\/p><\/div><\/div>\n\n\n\n<div class=\"wp-block-uagb-info-box uagb-block-d21b8425 uagb-infobox__content-wrap  uagb-infobox-icon-above-title uagb-infobox-image-valign-top\"><div class=\"uagb-ifb-content\"><div class=\"uagb-ifb-image-content\"><img decoding=\"async\" src=\"https:\/\/livelyguides.com\/wp-content\/uploads\/2022\/12\/rate-150x150.png\" alt=\"\" width=\"100\" height=\"100\" loading=\"lazy\"\/><\/div><div class=\"uagb-ifb-title-wrap\"><h3 class=\"uagb-ifb-title\">Am\u00e9liorez l&rsquo;exp\u00e9rience de visite de votre ville ou r\u00e9gion<\/h3><\/div><p class=\"uagb-ifb-desc\">Augmentez la satisfaction de vos visiteurs en proposant une exp\u00e9rience de visite digitale et actuelle.<\/p><\/div><\/div>\n\n\n\n<div class=\"wp-block-uagb-info-box uagb-block-44797757 uagb-infobox__content-wrap  uagb-infobox-icon-above-title uagb-infobox-image-valign-top\"><div class=\"uagb-ifb-content\"><div class=\"uagb-ifb-image-content\"><img decoding=\"async\" src=\"https:\/\/livelyguides.com\/wp-content\/uploads\/2022\/12\/public-150x150.png\" alt=\"\" width=\"100\" height=\"100\" loading=\"lazy\"\/><\/div><div class=\"uagb-ifb-title-wrap\"><h3 class=\"uagb-ifb-title\">Touchez de nouveaux publics<\/h3><\/div><p class=\"uagb-ifb-desc\">Les visites guid\u00e9es digitales attirent des nouveaux publics : plus jeunes, plus connect\u00e9s<\/p><\/div><\/div>\n<\/div>\n\n\n\n<div class=\"wp-block-uagb-container uagb-block-1baf0763 alignwide uagb-is-root-container\">\n<div class=\"wp-block-uagb-info-box uagb-block-b350c875 uagb-infobox__content-wrap  uagb-infobox-icon-above-title uagb-infobox-image-valign-top\"><div class=\"uagb-ifb-content\"><div class=\"uagb-ifb-image-content\"><img decoding=\"async\" src=\"https:\/\/livelyguides.com\/wp-content\/uploads\/2022\/12\/using-phone-thumb-150x150.png\" alt=\"\" width=\"100\" height=\"100\" loading=\"lazy\"\/><\/div><div class=\"uagb-ifb-title-wrap\"><h3 class=\"uagb-ifb-title\">Rendez les informations touristiques plus accessibles<\/h3><\/div><p class=\"uagb-ifb-desc\">Vos visites sont disponibles imm\u00e9diatement, tous les jours et \u00e0 toute heure, depuis n&rsquo;importe quel endroit de votre ville ou r\u00e9gion.<\/p><\/div><\/div>\n\n\n\n<div class=\"wp-block-uagb-info-box uagb-block-6e08c596 uagb-infobox__content-wrap  uagb-infobox-icon-above-title uagb-infobox-image-valign-top\"><div class=\"uagb-ifb-content\"><div class=\"uagb-ifb-image-content\"><img decoding=\"async\" src=\"https:\/\/livelyguides.com\/wp-content\/uploads\/2022\/12\/cost-reduction-150x150.png\" alt=\"\" width=\"100\" height=\"100\" loading=\"lazy\"\/><\/div><div class=\"uagb-ifb-title-wrap\"><h3 class=\"uagb-ifb-title\">Optimisez vos co\u00fbts de diffusion des informations touristiques<\/h3><\/div><p class=\"uagb-ifb-desc\">Notre offre est tr\u00e8s comp\u00e9titive par rapport \u00e0 des solutions digitales d\u00e9di\u00e9es. Economisez de plus en impression de brochures ou plaquettes. Mettez \u00e0 jour vos contenus facilement et rapidement. <\/p><\/div><\/div>\n\n\n\n<div class=\"wp-block-uagb-info-box uagb-block-2193332c uagb-infobox__content-wrap  uagb-infobox-icon-above-title uagb-infobox-image-valign-top\"><div class=\"uagb-ifb-content\"><div class=\"uagb-ifb-image-content\"><img decoding=\"async\" src=\"https:\/\/livelyguides.com\/wp-content\/uploads\/2022\/12\/store-150x150.png\" alt=\"\" width=\"100\" height=\"100\" loading=\"lazy\"\/><\/div><div class=\"uagb-ifb-title-wrap\"><h3 class=\"uagb-ifb-title\">G\u00e9n\u00e9rez des opportunit\u00e9s commerciales pour le tissu \u00e9conomique local<\/h3><\/div><p class=\"uagb-ifb-desc\">Mettez en avant les prestations touristiques ou les commer\u00e7ants de votre ville ou r\u00e9gion <\/p><\/div><\/div>\n<\/div>\n<\/div><\/div>\n\n\n\n<div class=\"wp-block-uagb-container uagb-block-653c4ab4 alignfull uagb-is-root-container\"><div class=\"uagb-container-inner-blocks-wrap\">\n<div class=\"wp-block-uagb-advanced-heading uagb-block-19a9157f\"><h1 class=\"uagb-heading-text\">Indications tarifaires<\/h1><\/div>\n\n\n\n<p>Le tarif de la publication de visites digitales comprend deux parties :<br>&#8211; un abonnement mensuel ou annuel pour cr\u00e9er, mettre \u00e0 jour et diffuser votre visite sur l&rsquo;application mobile Lively Guides<br>&#8211; un accompagnement optionnel \u00e0 la cr\u00e9ation de visite digitale<\/p>\n\n\n\n<p>Le tarif de l&rsquo;abonnement d\u00e9pend :<br>&#8211; des fonctionnalit\u00e9s de l&rsquo;application mobile choisies<br>&#8211; du support choisi pour les cr\u00e9ations et mises \u00e0 jour de visites<br>A titre indicatif, les abonnements mensuels d\u00e9butent \u00e0 200 \u20ac HT. Veuillez nous contacter ou prendre rendez-vous pour une estimation plus pr\u00e9cise en fonction de vos besoins.<\/p>\n\n\n\n<p>L&rsquo;accompagnement optionnel \u00e0 la cr\u00e9ation de visite digitale peut inclure :<br>&#8211; accompagnement sur le choix des parcours, des points d&rsquo;int\u00e9r\u00eat<br>&#8211; accompagnement \u00e0 la r\u00e9daction des textes<br>&#8211; cr\u00e9ation de commentaires audio<br>&#8211; traductions<br>&#8211; prise de photos ou recherche sur des banques de photos<br>Veuillez nous contacter ou prendre rendez-vous pour une estimation tarifaire ou un devis.<\/p>\n<\/div><\/div>\n\n\n\n<div class=\"wp-block-uagb-container uagb-block-8db71be0 alignfull uagb-is-root-container\"><div class=\"uagb-container-inner-blocks-wrap\">\n<div class=\"wp-block-uagb-advanced-heading uagb-block-0f35a49e\"><h1 class=\"uagb-heading-text\">Vous souhaitez plus d&rsquo;informations ?<\/h1><\/div>\n\n\n\n<p class=\"has-text-align-center\" style=\"padding-top:var(--wp--preset--spacing--30);padding-right:var(--wp--preset--spacing--30);padding-bottom:var(--wp--preset--spacing--30);padding-left:var(--wp--preset--spacing--30)\">Si vous souhaitez utiliser la plateforme pour proposer des visites touristiques guid\u00e9es, envoyez-nous un message ou prenez rendez-vous avec nous.<\/p>\n\n\n\n<div class=\"wp-block-uagb-buttons uagb-buttons__outer-wrap uagb-btn__default-btn uagb-btn-tablet__default-btn uagb-btn-mobile__default-btn uagb-block-1b77cc0b\"><div class=\"uagb-buttons__wrap uagb-buttons-layout-wrap\">\n<div class=\"wp-block-uagb-buttons-child uagb-buttons__outer-wrap uagb-block-bcb62b3e wp-block-button is-style-outline\"><div class=\"uagb-button__wrapper\"><a class=\"uagb-buttons-repeater wp-block-button__link has-background\" href=\"https:\/\/livelyguides.com\/fr\/contact\" onclick=\"return true;\" rel=\"follow noopener\" target=\"_self\"><span class=\"uagb-button__icon uagb-button__icon-position-before\"><svg xmlns=\"https:\/\/www.w3.org\/2000\/svg\" viewBox=\"0 0 512 512\"><path d=\"M464 64C490.5 64 512 85.49 512 112C512 127.1 504.9 141.3 492.8 150.4L275.2 313.6C263.8 322.1 248.2 322.1 236.8 313.6L19.2 150.4C7.113 141.3 0 127.1 0 112C0 85.49 21.49 64 48 64H464zM217.6 339.2C240.4 356.3 271.6 356.3 294.4 339.2L512 176V384C512 419.3 483.3 448 448 448H64C28.65 448 0 419.3 0 384V176L217.6 339.2z\"><\/path><\/svg><\/span><div class=\"uagb-button__link\">Nous \u00e9crire<\/div><\/a><\/div><\/div>\n\n\n\n<div class=\"wp-block-uagb-buttons-child uagb-buttons__outer-wrap uagb-block-a0b9eca8 wp-block-button is-style-outline\"><div class=\"uagb-button__wrapper\"><a class=\"uagb-buttons-repeater wp-block-button__link\" href=\"https:\/\/livelyguides.com\/fr\/rendez-vous\" onclick=\"return true;\" rel=\"follow noopener\" target=\"_self\"><span class=\"uagb-button__icon uagb-button__icon-position-before\"><svg xmlns=\"https:\/\/www.w3.org\/2000\/svg\" viewBox=\"0 0 448 512\"><path d=\"M96 32C96 14.33 110.3 0 128 0C145.7 0 160 14.33 160 32V64H288V32C288 14.33 302.3 0 320 0C337.7 0 352 14.33 352 32V64H400C426.5 64 448 85.49 448 112V160H0V112C0 85.49 21.49 64 48 64H96V32zM448 464C448 490.5 426.5 512 400 512H48C21.49 512 0 490.5 0 464V192H448V464z\"><\/path><\/svg><\/span><div class=\"uagb-button__link\">Prendre rendez-vous<\/div><\/a><\/div><\/div>\n<\/div><\/div>\n<\/div><\/div>\n","protected":false},"excerpt":{"rendered":"<p>Solutions digitales pour les offices de tourisme et collectivit\u00e9s locales Indications tarifaires Le tarif de la publication de visites digitales comprend deux parties :&#8211; un abonnement mensuel ou annuel pour cr\u00e9er, mettre \u00e0 jour et diffuser votre visite sur l&rsquo;application mobile Lively Guides&#8211; un accompagnement optionnel \u00e0 la cr\u00e9ation de visite digitale Le tarif de [&hellip;]<\/p>\n","protected":false},"author":1,"featured_media":0,"parent":0,"menu_order":0,"comment_status":"closed","ping_status":"closed","template":"","meta":{"_uag_custom_page_level_css":"","site-sidebar-layout":"default","site-content-layout":"","ast-site-content-layout":"","site-content-style":"default","site-sidebar-style":"default","ast-global-header-display":"","ast-banner-title-visibility":"","ast-main-header-display":"","ast-hfb-above-header-display":"","ast-hfb-below-header-display":"","ast-hfb-mobile-header-display":"","site-post-title":"disabled","ast-breadcrumbs-content":"","ast-featured-img":"","footer-sml-layout":"","theme-transparent-header-meta":"","adv-header-id-meta":"","stick-header-meta":"","header-above-stick-meta":"","header-main-stick-meta":"","header-below-stick-meta":"","astra-migrate-meta-layouts":"default","ast-page-background-enabled":"default","ast-page-background-meta":{"desktop":{"background-color":"var(--ast-global-color-4)","background-image":"","background-repeat":"repeat","background-position":"center center","background-size":"auto","background-attachment":"scroll","background-type":"","background-media":"","overlay-type":"","overlay-color":"","overlay-opacity":"","overlay-gradient":""},"tablet":{"background-color":"","background-image":"","background-repeat":"repeat","background-position":"center center","background-size":"auto","background-attachment":"scroll","background-type":"","background-media":"","overlay-type":"","overlay-color":"","overlay-opacity":"","overlay-gradient":""},"mobile":{"background-color":"","background-image":"","background-repeat":"repeat","background-position":"center center","background-size":"auto","background-attachment":"scroll","background-type":"","background-media":"","overlay-type":"","overlay-color":"","overlay-opacity":"","overlay-gradient":""}},"ast-content-background-meta":{"desktop":{"background-color":"var(--ast-global-color-5)","background-image":"","background-repeat":"repeat","background-position":"center center","background-size":"auto","background-attachment":"scroll","background-type":"","background-media":"","overlay-type":"","overlay-color":"","overlay-opacity":"","overlay-gradient":""},"tablet":{"background-color":"var(--ast-global-color-5)","background-image":"","background-repeat":"repeat","background-position":"center center","background-size":"auto","background-attachment":"scroll","background-type":"","background-media":"","overlay-type":"","overlay-color":"","overlay-opacity":"","overlay-gradient":""},"mobile":{"background-color":"var(--ast-global-color-5)","background-image":"","background-repeat":"repeat","background-position":"center center","background-size":"auto","background-attachment":"scroll","background-type":"","background-media":"","overlay-type":"","overlay-color":"","overlay-opacity":"","overlay-gradient":""}},"footnotes":""},"class_list":["post-127","page","type-page","status-publish","hentry"],"yoast_head":"<!-- This site is optimized with the Yoast SEO plugin v22.8 - https:\/\/yoast.com\/wordpress\/plugins\/seo\/ -->\n<title>Lively Guides - Solutions digitales pour offices de tourisme<\/title>\n<meta name=\"description\" content=\"Offices de tourisme et collectivit\u00e9s locales, proposez des visites digitales guid\u00e9es sur Lively Guides pour promouvoir votre ville ou r\u00e9gion.\" \/>\n<meta name=\"robots\" content=\"index, follow, max-snippet:-1, max-image-preview:large, max-video-preview:-1\" \/>\n<link rel=\"canonical\" href=\"https:\/\/livelyguides.com\/fr\/offices-de-tourisme\/\" \/>\n<meta property=\"og:locale\" content=\"fr_FR\" \/>\n<meta property=\"og:type\" content=\"article\" \/>\n<meta property=\"og:title\" content=\"Lively Guides - Solutions digitales pour offices de tourisme\" \/>\n<meta property=\"og:description\" content=\"Offices de tourisme et collectivit\u00e9s locales, proposez des visites digitales guid\u00e9es sur Lively Guides pour promouvoir votre ville ou r\u00e9gion.\" \/>\n<meta property=\"og:url\" content=\"https:\/\/livelyguides.com\/fr\/offices-de-tourisme\" \/>\n<meta property=\"og:site_name\" content=\"Lively Guides\" \/>\n<meta property=\"article:modified_time\" content=\"2022-12-28T14:13:53+00:00\" \/>\n<meta property=\"og:image\" content=\"https:\/\/livelyguides.com\/wp-content\/uploads\/2022\/12\/promotion-150x150.png\" \/>\n<meta name=\"twitter:card\" content=\"summary_large_image\" \/>\n<meta name=\"twitter:label1\" content=\"Dur\u00e9e de lecture estim\u00e9e\" \/>\n\t<meta name=\"twitter:data1\" content=\"3 minutes\" \/>\n<script type=\"application\/ld+json\" class=\"yoast-schema-graph\">{\"@context\":\"https:\/\/schema.org\",\"@graph\":[{\"@type\":\"WebPage\",\"@id\":\"https:\/\/livelyguides.com\/fr\/offices-de-tourisme\/\",\"url\":\"https:\/\/livelyguides.com\/fr\/offices-de-tourisme\",\"name\":\"Lively Guides - Solutions digitales pour offices de tourisme\",\"isPartOf\":{\"@id\":\"https:\/\/livelyguides.com\/fr\/#website\"},\"primaryImageOfPage\":{\"@id\":\"https:\/\/livelyguides.com\/fr\/offices-de-tourisme#primaryimage\"},\"image\":{\"@id\":\"https:\/\/livelyguides.com\/fr\/offices-de-tourisme#primaryimage\"},\"thumbnailUrl\":\"https:\/\/livelyguides.com\/wp-content\/uploads\/2022\/12\/promotion-150x150.png\",\"datePublished\":\"2022-11-04T12:11:30+00:00\",\"dateModified\":\"2022-12-28T14:13:53+00:00\",\"description\":\"Offices de tourisme et collectivit\u00e9s locales, proposez des visites digitales guid\u00e9es sur Lively Guides pour promouvoir votre ville ou r\u00e9gion.\",\"breadcrumb\":{\"@id\":\"https:\/\/livelyguides.com\/fr\/offices-de-tourisme#breadcrumb\"},\"inLanguage\":\"fr-FR\",\"potentialAction\":[{\"@type\":\"ReadAction\",\"target\":[\"https:\/\/livelyguides.com\/fr\/offices-de-tourisme\"]}]},{\"@type\":\"ImageObject\",\"inLanguage\":\"fr-FR\",\"@id\":\"https:\/\/livelyguides.com\/fr\/offices-de-tourisme#primaryimage\",\"url\":\"https:\/\/livelyguides.com\/wp-content\/uploads\/2022\/12\/promotion-150x150.png\",\"contentUrl\":\"https:\/\/livelyguides.com\/wp-content\/uploads\/2022\/12\/promotion-150x150.png\"},{\"@type\":\"BreadcrumbList\",\"@id\":\"https:\/\/livelyguides.com\/fr\/offices-de-tourisme#breadcrumb\",\"itemListElement\":[{\"@type\":\"ListItem\",\"position\":1,\"name\":\"Home\",\"item\":\"https:\/\/livelyguides.com\/fr\/\"},{\"@type\":\"ListItem\",\"position\":2,\"name\":\"Tourist offices &#8211; FR\"}]},{\"@type\":\"WebSite\",\"@id\":\"https:\/\/livelyguides.com\/fr\/#website\",\"url\":\"https:\/\/livelyguides.com\/fr\/\",\"name\":\"Lively Guides\",\"description\":\"Guides touristiques digitaux\",\"publisher\":{\"@id\":\"https:\/\/livelyguides.com\/fr\/#organization\"},\"potentialAction\":[{\"@type\":\"SearchAction\",\"target\":{\"@type\":\"EntryPoint\",\"urlTemplate\":\"https:\/\/livelyguides.com\/fr\/?s={search_term_string}\"},\"query-input\":\"required name=search_term_string\"}],\"inLanguage\":\"fr-FR\"},{\"@type\":\"Organization\",\"@id\":\"https:\/\/livelyguides.com\/fr\/#organization\",\"name\":\"Lively Guides\",\"url\":\"https:\/\/livelyguides.com\/fr\/\",\"logo\":{\"@type\":\"ImageObject\",\"inLanguage\":\"fr-FR\",\"@id\":\"https:\/\/livelyguides.com\/fr\/#\/schema\/logo\/image\/\",\"url\":\"https:\/\/livelyguides.com\/wp-content\/uploads\/2022\/11\/LivelyGuides-logo-et-texte-vert.png\",\"contentUrl\":\"https:\/\/livelyguides.com\/wp-content\/uploads\/2022\/11\/LivelyGuides-logo-et-texte-vert.png\",\"width\":500,\"height\":120,\"caption\":\"Lively Guides\"},\"image\":{\"@id\":\"https:\/\/livelyguides.com\/fr\/#\/schema\/logo\/image\/\"},\"sameAs\":[\"https:\/\/www.linkedin.com\/company\/livelyguides\"]}]}<\/script>\n<!-- \/ Yoast SEO plugin. -->","yoast_head_json":{"title":"Lively Guides - Solutions digitales pour offices de tourisme","description":"Offices de tourisme et collectivit\u00e9s locales, proposez des visites digitales guid\u00e9es sur Lively Guides pour promouvoir votre ville ou r\u00e9gion.","robots":{"index":"index","follow":"follow","max-snippet":"max-snippet:-1","max-image-preview":"max-image-preview:large","max-video-preview":"max-video-preview:-1"},"canonical":"https:\/\/livelyguides.com\/fr\/offices-de-tourisme\/","og_locale":"fr_FR","og_type":"article","og_title":"Lively Guides - Solutions digitales pour offices de tourisme","og_description":"Offices de tourisme et collectivit\u00e9s locales, proposez des visites digitales guid\u00e9es sur Lively Guides pour promouvoir votre ville ou r\u00e9gion.","og_url":"https:\/\/livelyguides.com\/fr\/offices-de-tourisme","og_site_name":"Lively Guides","article_modified_time":"2022-12-28T14:13:53+00:00","og_image":[{"url":"https:\/\/livelyguides.com\/wp-content\/uploads\/2022\/12\/promotion-150x150.png"}],"twitter_card":"summary_large_image","twitter_misc":{"Dur\u00e9e de lecture estim\u00e9e":"3 minutes"},"schema":{"@context":"https:\/\/schema.org","@graph":[{"@type":"WebPage","@id":"https:\/\/livelyguides.com\/fr\/offices-de-tourisme\/","url":"https:\/\/livelyguides.com\/fr\/offices-de-tourisme","name":"Lively Guides - Solutions digitales pour offices de tourisme","isPartOf":{"@id":"https:\/\/livelyguides.com\/fr\/#website"},"primaryImageOfPage":{"@id":"https:\/\/livelyguides.com\/fr\/offices-de-tourisme#primaryimage"},"image":{"@id":"https:\/\/livelyguides.com\/fr\/offices-de-tourisme#primaryimage"},"thumbnailUrl":"https:\/\/livelyguides.com\/wp-content\/uploads\/2022\/12\/promotion-150x150.png","datePublished":"2022-11-04T12:11:30+00:00","dateModified":"2022-12-28T14:13:53+00:00","description":"Offices de tourisme et collectivit\u00e9s locales, proposez des visites digitales guid\u00e9es sur Lively Guides pour promouvoir votre ville ou r\u00e9gion.","breadcrumb":{"@id":"https:\/\/livelyguides.com\/fr\/offices-de-tourisme#breadcrumb"},"inLanguage":"fr-FR","potentialAction":[{"@type":"ReadAction","target":["https:\/\/livelyguides.com\/fr\/offices-de-tourisme"]}]},{"@type":"ImageObject","inLanguage":"fr-FR","@id":"https:\/\/livelyguides.com\/fr\/offices-de-tourisme#primaryimage","url":"https:\/\/livelyguides.com\/wp-content\/uploads\/2022\/12\/promotion-150x150.png","contentUrl":"https:\/\/livelyguides.com\/wp-content\/uploads\/2022\/12\/promotion-150x150.png"},{"@type":"BreadcrumbList","@id":"https:\/\/livelyguides.com\/fr\/offices-de-tourisme#breadcrumb","itemListElement":[{"@type":"ListItem","position":1,"name":"Home","item":"https:\/\/livelyguides.com\/fr\/"},{"@type":"ListItem","position":2,"name":"Tourist offices &#8211; FR"}]},{"@type":"WebSite","@id":"https:\/\/livelyguides.com\/fr\/#website","url":"https:\/\/livelyguides.com\/fr\/","name":"Lively Guides","description":"Guides touristiques digitaux","publisher":{"@id":"https:\/\/livelyguides.com\/fr\/#organization"},"potentialAction":[{"@type":"SearchAction","target":{"@type":"EntryPoint","urlTemplate":"https:\/\/livelyguides.com\/fr\/?s={search_term_string}"},"query-input":"required name=search_term_string"}],"inLanguage":"fr-FR"},{"@type":"Organization","@id":"https:\/\/livelyguides.com\/fr\/#organization","name":"Lively Guides","url":"https:\/\/livelyguides.com\/fr\/","logo":{"@type":"ImageObject","inLanguage":"fr-FR","@id":"https:\/\/livelyguides.com\/fr\/#\/schema\/logo\/image\/","url":"https:\/\/livelyguides.com\/wp-content\/uploads\/2022\/11\/LivelyGuides-logo-et-texte-vert.png","contentUrl":"https:\/\/livelyguides.com\/wp-content\/uploads\/2022\/11\/LivelyGuides-logo-et-texte-vert.png","width":500,"height":120,"caption":"Lively Guides"},"image":{"@id":"https:\/\/livelyguides.com\/fr\/#\/schema\/logo\/image\/"},"sameAs":["https:\/\/www.linkedin.com\/company\/livelyguides"]}]}},"uagb_featured_image_src":{"full":false,"thumbnail":false,"medium":false,"medium_large":false,"large":false,"1536x1536":false,"2048x2048":false},"uagb_author_info":{"display_name":"David","author_link":"https:\/\/livelyguides.com\/fr\/author\/davidwijnker\/"},"uagb_comment_info":0,"uagb_excerpt":"Solutions digitales pour les offices de tourisme et collectivit\u00e9s locales Indications tarifaires Le tarif de la publication de visites digitales comprend deux parties :&#8211; un abonnement mensuel ou annuel pour cr\u00e9er, mettre \u00e0 jour et diffuser votre visite sur l&rsquo;application mobile Lively Guides&#8211; un accompagnement optionnel \u00e0 la cr\u00e9ation de visite digitale Le tarif de\u2026","_links":{"self":[{"href":"https:\/\/livelyguides.com\/fr\/wp-json\/wp\/v2\/pages\/127","targetHints":{"allow":["GET"]}}],"collection":[{"href":"https:\/\/livelyguides.com\/fr\/wp-json\/wp\/v2\/pages"}],"about":[{"href":"https:\/\/livelyguides.com\/fr\/wp-json\/wp\/v2\/types\/page"}],"author":[{"embeddable":true,"href":"https:\/\/livelyguides.com\/fr\/wp-json\/wp\/v2\/users\/1"}],"replies":[{"embeddable":true,"href":"https:\/\/livelyguides.com\/fr\/wp-json\/wp\/v2\/comments?post=127"}],"version-history":[{"count":17,"href":"https:\/\/livelyguides.com\/fr\/wp-json\/wp\/v2\/pages\/127\/revisions"}],"predecessor-version":[{"id":1403,"href":"https:\/\/livelyguides.com\/fr\/wp-json\/wp\/v2\/pages\/127\/revisions\/1403"}],"wp:attachment":[{"href":"https:\/\/livelyguides.com\/fr\/wp-json\/wp\/v2\/media?parent=127"}],"curies":[{"name":"wp","href":"https:\/\/api.w.org\/{rel}","templated":true}]}}