{"id":131,"date":"2022-11-04T12:58:29","date_gmt":"2022-11-04T10:58:29","guid":{"rendered":"https:\/\/lively-guides.com\/?page_id=131"},"modified":"2022-12-27T19:10:00","modified_gmt":"2022-12-27T17:10:00","slug":"missions","status":"publish","type":"page","link":"https:\/\/livelyguides.com\/fr\/missions\/","title":{"rendered":"Missions &#8211; FR"},"content":{"rendered":"\n<div class=\"wp-block-uagb-container uagb-block-66245987 alignfull uagb-is-root-container\"><div class=\"uagb-container-inner-blocks-wrap\">\n<div class=\"wp-block-uagb-container uagb-block-bc105b65\">\n<div class=\"wp-block-uagb-advanced-heading uagb-block-a97381aa\"><h1 class=\"uagb-heading-text\">Notre mission&nbsp;: offrir une exp\u00e9rience de visite guid\u00e9e digitale exceptionnelle \u00e0 tous<\/h1><\/div>\n\n\n\n<p>Nous utilisons la technologie et le design pour proposer une exp\u00e9rience de visite guid\u00e9e personnalis\u00e9e et enrichissante pour vous faire vivre des moments inoubliables.<\/p>\n<\/div>\n\n\n\n<div class=\"wp-block-uagb-container uagb-block-2f2a9b98\">\n<div class=\"wp-block-uagb-image uagb-block-25c553a9 wp-block-uagb-image--layout-default wp-block-uagb-image--effect-static wp-block-uagb-image--align-center\"><figure class=\"wp-block-uagb-image__figure\"><img decoding=\"async\" srcset=\"https:\/\/livelyguides.com\/wp-content\/uploads\/2022\/11\/Ecran-smartphone.png \" src=\"https:\/\/livelyguides.com\/wp-content\/uploads\/2022\/11\/Ecran-smartphone.png\" alt=\"\" class=\"uag-image-307\" width=\"\" height=\"\" title=\"\" loading=\"lazy\"\/><\/figure><\/div>\n<\/div>\n<\/div><\/div>\n\n\n\n<div class=\"wp-block-uagb-container uagb-block-dff0d7d7 alignfull uagb-is-root-container\"><div class=\"uagb-container-inner-blocks-wrap\">\n<div class=\"wp-block-uagb-advanced-heading uagb-block-2f4c6d22\"><h1 class=\"uagb-heading-text\">Notre histoire<\/h1><\/div>\n\n\n\n<div class=\"wp-block-uagb-container uagb-block-cdac2acc\">\n<div class=\"wp-block-uagb-container uagb-block-8609df10\">\n<p>L\u2019id\u00e9e de Lively Guides est n\u00e9e d\u2019une frustration. Au travers de ses voyages et visites, David a trop souvent \u00e9t\u00e9 confront\u00e9 \u00e0 un manque d\u2019informations sur les lieux qu\u2019ils visitaient, ou \u00e0 une information dispers\u00e9e qui ne permettait pas de profiter pleinement d\u2019endroits souvent magnifiques. Nous souhaitons donc proposer une offre \u00e0 m\u00eame de r\u00e9pondre \u00e0 ces besoins.<\/p>\n<\/div>\n\n\n\n<div class=\"wp-block-uagb-container uagb-block-c6716361\">\n<p>Notre ambition est de proposer aux voyageurs, visiteurs, touristes, promeneurs des informations touristiques claires, passionnantes et personnalis\u00e9es de fa\u00e7on \u00e0 enrichir leur exp\u00e9rience de visite. Ils peuvent ainsi organiser leurs visites selon leur int\u00e9r\u00eats, envies et le temps dont ils disposent et s\u2019assurer de profiter pleinement du site touristique, au tarif le plus juste.<\/p>\n<\/div>\n<\/div>\n<\/div><\/div>\n\n\n\n<div class=\"wp-block-uagb-container uagb-block-6234706f alignfull uagb-is-root-container\"><div class=\"uagb-container-inner-blocks-wrap\">\n<div class=\"wp-block-uagb-advanced-heading uagb-block-a049d866\"><h1 class=\"uagb-heading-text\">Nos missions<\/h1><\/div>\n\n\n\n<div class=\"wp-block-uagb-container uagb-block-bd076b03\">\n<div class=\"wp-block-uagb-container uagb-block-16f78023\">\n<div class=\"wp-block-uagb-info-box uagb-block-3f717645 uagb-infobox__content-wrap  uagb-infobox-icon-above-title uagb-infobox-image-valign-top\"><div class=\"uagb-ifb-content\"><div class=\"uagb-ifb-image-content\"><img decoding=\"async\" src=\"https:\/\/livelyguides.com\/wp-content\/uploads\/2022\/11\/museum-150x150.png\" alt=\"\" width=\"100\" height=\"100\" loading=\"lazy\"\/><\/div><div class=\"uagb-ifb-title-wrap\"><h3 class=\"uagb-ifb-title\">Simplifier et am\u00e9liorer l\u2019exp\u00e9rience de visite de sites touristiques<\/h3><\/div><\/div><\/div>\n<\/div>\n\n\n\n<div class=\"wp-block-uagb-container uagb-block-173b3e21\">\n<div class=\"wp-block-uagb-info-box uagb-block-ad5ad36c uagb-infobox__content-wrap  uagb-infobox-icon-above-title uagb-infobox-image-valign-top\"><div class=\"uagb-ifb-content\"><div class=\"uagb-ifb-image-content\"><img decoding=\"async\" src=\"https:\/\/livelyguides.com\/wp-content\/uploads\/2022\/11\/earth-grid-150x150.png\" alt=\"\" width=\"100\" height=\"100\" loading=\"lazy\"\/><\/div><div class=\"uagb-ifb-title-wrap\"><h3 class=\"uagb-ifb-title\">Proposer des visites guid\u00e9es adapt\u00e9es \u00e0 chacun, partout et disponible imm\u00e9diatement<\/h3><\/div><\/div><\/div>\n<\/div>\n\n\n\n<div class=\"wp-block-uagb-container uagb-block-cb6883ff\">\n<div class=\"wp-block-uagb-info-box uagb-block-d3fd66ba uagb-infobox__content-wrap  uagb-infobox-icon-above-title uagb-infobox-image-valign-top\"><div class=\"uagb-ifb-content\"><div class=\"uagb-ifb-image-content\"><img decoding=\"async\" src=\"https:\/\/livelyguides.com\/wp-content\/uploads\/2022\/11\/excellence-150x150.png\" alt=\"\" width=\"100\" height=\"100\" loading=\"lazy\"\/><\/div><div class=\"uagb-ifb-title-wrap\"><h3 class=\"uagb-ifb-title\">Rechercher l\u2019excellence de qualit\u00e9 du contenu<\/h3><\/div><\/div><\/div>\n<\/div>\n<\/div>\n<\/div><\/div>\n\n\n\n<div class=\"wp-block-uagb-container uagb-block-7be2c6fc alignfull uagb-is-root-container\"><div class=\"uagb-container-inner-blocks-wrap\">\n<div class=\"wp-block-uagb-advanced-heading uagb-block-fe585e28\"><h1 class=\"uagb-heading-text\">Fondateur<\/h1><\/div>\n\n\n\n<div class=\"wp-block-uagb-container uagb-block-64ce2697\">\n<div class=\"wp-block-uagb-container uagb-block-dcf95260\">\n<div class=\"wp-block-uagb-advanced-heading uagb-block-c2865f01\"><h3 class=\"uagb-heading-text\">David Wijnker<\/h3><\/div>\n\n\n\n<p>David a travaill\u00e9 dans le domaine des syst\u00e8mes d\u2019informations pour des \u00e9diteurs de logiciel, entreprises de services num\u00e9riques et au sein de DSI.<br>Il est ing\u00e9nieur en informatique et t\u00e9l\u00e9communication et titulaire d\u2019un MBA.<\/p>\n<\/div>\n\n\n\n<div class=\"wp-block-uagb-container uagb-block-9bf1688b\">\n<div class=\"wp-block-uagb-image uagb-block-59d9f10b wp-block-uagb-image--layout-default wp-block-uagb-image--effect-static wp-block-uagb-image--align-center\"><figure class=\"wp-block-uagb-image__figure\"><img decoding=\"async\" srcset=\"https:\/\/livelyguides.com\/wp-content\/uploads\/2022\/11\/Photo-David-Wijnker-noir-et-blanc.jpg \" src=\"https:\/\/livelyguides.com\/wp-content\/uploads\/2022\/11\/Photo-David-Wijnker-noir-et-blanc.jpg\" alt=\"\" class=\"uag-image-772\" width=\"\" height=\"\" title=\"\" loading=\"lazy\"\/><\/figure><\/div>\n<\/div>\n<\/div>\n<\/div><\/div>\n","protected":false},"excerpt":{"rendered":"<p>Notre mission&nbsp;: offrir une exp\u00e9rience de visite guid\u00e9e digitale exceptionnelle \u00e0 tous Nous utilisons la technologie et le design pour proposer une exp\u00e9rience de visite guid\u00e9e personnalis\u00e9e et enrichissante pour vous faire vivre des moments inoubliables. Notre histoire L\u2019id\u00e9e de Lively Guides est n\u00e9e d\u2019une frustration. Au travers de ses voyages et visites, David a [&hellip;]<\/p>\n","protected":false},"author":1,"featured_media":0,"parent":0,"menu_order":0,"comment_status":"closed","ping_status":"closed","template":"","meta":{"_uag_custom_page_level_css":"","site-sidebar-layout":"default","site-content-layout":"","ast-site-content-layout":"","site-content-style":"default","site-sidebar-style":"default","ast-global-header-display":"","ast-banner-title-visibility":"","ast-main-header-display":"","ast-hfb-above-header-display":"","ast-hfb-below-header-display":"","ast-hfb-mobile-header-display":"","site-post-title":"disabled","ast-breadcrumbs-content":"","ast-featured-img":"","footer-sml-layout":"","theme-transparent-header-meta":"","adv-header-id-meta":"","stick-header-meta":"","header-above-stick-meta":null,"header-main-stick-meta":"","header-below-stick-meta":null,"astra-migrate-meta-layouts":"default","ast-page-background-enabled":"default","ast-page-background-meta":{"desktop":{"background-color":"var(--ast-global-color-4)","background-image":"","background-repeat":"repeat","background-position":"center center","background-size":"auto","background-attachment":"scroll","background-type":"","background-media":"","overlay-type":"","overlay-color":"","overlay-opacity":"","overlay-gradient":""},"tablet":{"background-color":"","background-image":"","background-repeat":"repeat","background-position":"center center","background-size":"auto","background-attachment":"scroll","background-type":"","background-media":"","overlay-type":"","overlay-color":"","overlay-opacity":"","overlay-gradient":""},"mobile":{"background-color":"","background-image":"","background-repeat":"repeat","background-position":"center center","background-size":"auto","background-attachment":"scroll","background-type":"","background-media":"","overlay-type":"","overlay-color":"","overlay-opacity":"","overlay-gradient":""}},"ast-content-background-meta":{"desktop":{"background-color":"var(--ast-global-color-5)","background-image":"","background-repeat":"repeat","background-position":"center center","background-size":"auto","background-attachment":"scroll","background-type":"","background-media":"","overlay-type":"","overlay-color":"","overlay-opacity":"","overlay-gradient":""},"tablet":{"background-color":"var(--ast-global-color-5)","background-image":"","background-repeat":"repeat","background-position":"center center","background-size":"auto","background-attachment":"scroll","background-type":"","background-media":"","overlay-type":"","overlay-color":"","overlay-opacity":"","overlay-gradient":""},"mobile":{"background-color":"var(--ast-global-color-5)","background-image":"","background-repeat":"repeat","background-position":"center center","background-size":"auto","background-attachment":"scroll","background-type":"","background-media":"","overlay-type":"","overlay-color":"","overlay-opacity":"","overlay-gradient":""}},"footnotes":""},"class_list":["post-131","page","type-page","status-publish","hentry"],"yoast_head":"<!-- This site is optimized with the Yoast SEO plugin v22.8 - https:\/\/yoast.com\/wordpress\/plugins\/seo\/ -->\n<title>Lively Guides - Nos missions<\/title>\n<meta name=\"description\" content=\"Guides touristiques digitaux. Notre mission\u00a0: offrir une exp\u00e9rience de visite guid\u00e9e digitale exceptionnelle \u00e0 tous.\" \/>\n<meta name=\"robots\" content=\"index, follow, max-snippet:-1, max-image-preview:large, max-video-preview:-1\" \/>\n<link rel=\"canonical\" href=\"https:\/\/livelyguides.com\/fr\/missions\/\" \/>\n<meta property=\"og:locale\" content=\"fr_FR\" \/>\n<meta property=\"og:type\" content=\"article\" \/>\n<meta property=\"og:title\" content=\"Lively Guides - Nos missions\" \/>\n<meta property=\"og:description\" content=\"Guides touristiques digitaux. Notre mission\u00a0: offrir une exp\u00e9rience de visite guid\u00e9e digitale exceptionnelle \u00e0 tous.\" \/>\n<meta property=\"og:url\" content=\"https:\/\/livelyguides.com\/fr\/missions\" \/>\n<meta property=\"og:site_name\" content=\"Lively Guides\" \/>\n<meta property=\"article:modified_time\" content=\"2022-12-27T17:10:00+00:00\" \/>\n<meta property=\"og:image\" content=\"https:\/\/livelyguides.com\/wp-content\/uploads\/2022\/11\/Ecran-smartphone.png\" \/>\n<meta name=\"twitter:card\" content=\"summary_large_image\" \/>\n<meta name=\"twitter:label1\" content=\"Dur\u00e9e de lecture estim\u00e9e\" \/>\n\t<meta name=\"twitter:data1\" content=\"3 minutes\" \/>\n<script type=\"application\/ld+json\" class=\"yoast-schema-graph\">{\"@context\":\"https:\/\/schema.org\",\"@graph\":[{\"@type\":\"WebPage\",\"@id\":\"https:\/\/livelyguides.com\/fr\/missions\/\",\"url\":\"https:\/\/livelyguides.com\/fr\/missions\",\"name\":\"Lively Guides - Nos missions\",\"isPartOf\":{\"@id\":\"https:\/\/livelyguides.com\/fr\/#website\"},\"primaryImageOfPage\":{\"@id\":\"https:\/\/livelyguides.com\/fr\/missions#primaryimage\"},\"image\":{\"@id\":\"https:\/\/livelyguides.com\/fr\/missions#primaryimage\"},\"thumbnailUrl\":\"https:\/\/livelyguides.com\/wp-content\/uploads\/2022\/11\/Ecran-smartphone.png\",\"datePublished\":\"2022-11-04T10:58:29+00:00\",\"dateModified\":\"2022-12-27T17:10:00+00:00\",\"description\":\"Guides touristiques digitaux. Notre mission\u00a0: offrir une exp\u00e9rience de visite guid\u00e9e digitale exceptionnelle \u00e0 tous.\",\"breadcrumb\":{\"@id\":\"https:\/\/livelyguides.com\/fr\/missions#breadcrumb\"},\"inLanguage\":\"fr-FR\",\"potentialAction\":[{\"@type\":\"ReadAction\",\"target\":[\"https:\/\/livelyguides.com\/fr\/missions\"]}]},{\"@type\":\"ImageObject\",\"inLanguage\":\"fr-FR\",\"@id\":\"https:\/\/livelyguides.com\/fr\/missions#primaryimage\",\"url\":\"https:\/\/livelyguides.com\/wp-content\/uploads\/2022\/11\/Ecran-smartphone.png\",\"contentUrl\":\"https:\/\/livelyguides.com\/wp-content\/uploads\/2022\/11\/Ecran-smartphone.png\"},{\"@type\":\"BreadcrumbList\",\"@id\":\"https:\/\/livelyguides.com\/fr\/missions#breadcrumb\",\"itemListElement\":[{\"@type\":\"ListItem\",\"position\":1,\"name\":\"Home\",\"item\":\"https:\/\/livelyguides.com\/fr\/\"},{\"@type\":\"ListItem\",\"position\":2,\"name\":\"Missions &#8211; FR\"}]},{\"@type\":\"WebSite\",\"@id\":\"https:\/\/livelyguides.com\/fr\/#website\",\"url\":\"https:\/\/livelyguides.com\/fr\/\",\"name\":\"Lively Guides\",\"description\":\"Guides touristiques digitaux\",\"publisher\":{\"@id\":\"https:\/\/livelyguides.com\/fr\/#organization\"},\"potentialAction\":[{\"@type\":\"SearchAction\",\"target\":{\"@type\":\"EntryPoint\",\"urlTemplate\":\"https:\/\/livelyguides.com\/fr\/?s={search_term_string}\"},\"query-input\":\"required name=search_term_string\"}],\"inLanguage\":\"fr-FR\"},{\"@type\":\"Organization\",\"@id\":\"https:\/\/livelyguides.com\/fr\/#organization\",\"name\":\"Lively Guides\",\"url\":\"https:\/\/livelyguides.com\/fr\/\",\"logo\":{\"@type\":\"ImageObject\",\"inLanguage\":\"fr-FR\",\"@id\":\"https:\/\/livelyguides.com\/fr\/#\/schema\/logo\/image\/\",\"url\":\"https:\/\/livelyguides.com\/wp-content\/uploads\/2022\/11\/LivelyGuides-logo-et-texte-vert.png\",\"contentUrl\":\"https:\/\/livelyguides.com\/wp-content\/uploads\/2022\/11\/LivelyGuides-logo-et-texte-vert.png\",\"width\":500,\"height\":120,\"caption\":\"Lively Guides\"},\"image\":{\"@id\":\"https:\/\/livelyguides.com\/fr\/#\/schema\/logo\/image\/\"},\"sameAs\":[\"https:\/\/www.linkedin.com\/company\/livelyguides\"]}]}<\/script>\n<!-- \/ Yoast SEO plugin. -->","yoast_head_json":{"title":"Lively Guides - Nos missions","description":"Guides touristiques digitaux. Notre mission\u00a0: offrir une exp\u00e9rience de visite guid\u00e9e digitale exceptionnelle \u00e0 tous.","robots":{"index":"index","follow":"follow","max-snippet":"max-snippet:-1","max-image-preview":"max-image-preview:large","max-video-preview":"max-video-preview:-1"},"canonical":"https:\/\/livelyguides.com\/fr\/missions\/","og_locale":"fr_FR","og_type":"article","og_title":"Lively Guides - Nos missions","og_description":"Guides touristiques digitaux. Notre mission\u00a0: offrir une exp\u00e9rience de visite guid\u00e9e digitale exceptionnelle \u00e0 tous.","og_url":"https:\/\/livelyguides.com\/fr\/missions","og_site_name":"Lively Guides","article_modified_time":"2022-12-27T17:10:00+00:00","og_image":[{"url":"https:\/\/livelyguides.com\/wp-content\/uploads\/2022\/11\/Ecran-smartphone.png"}],"twitter_card":"summary_large_image","twitter_misc":{"Dur\u00e9e de lecture estim\u00e9e":"3 minutes"},"schema":{"@context":"https:\/\/schema.org","@graph":[{"@type":"WebPage","@id":"https:\/\/livelyguides.com\/fr\/missions\/","url":"https:\/\/livelyguides.com\/fr\/missions","name":"Lively Guides - Nos missions","isPartOf":{"@id":"https:\/\/livelyguides.com\/fr\/#website"},"primaryImageOfPage":{"@id":"https:\/\/livelyguides.com\/fr\/missions#primaryimage"},"image":{"@id":"https:\/\/livelyguides.com\/fr\/missions#primaryimage"},"thumbnailUrl":"https:\/\/livelyguides.com\/wp-content\/uploads\/2022\/11\/Ecran-smartphone.png","datePublished":"2022-11-04T10:58:29+00:00","dateModified":"2022-12-27T17:10:00+00:00","description":"Guides touristiques digitaux. Notre mission\u00a0: offrir une exp\u00e9rience de visite guid\u00e9e digitale exceptionnelle \u00e0 tous.","breadcrumb":{"@id":"https:\/\/livelyguides.com\/fr\/missions#breadcrumb"},"inLanguage":"fr-FR","potentialAction":[{"@type":"ReadAction","target":["https:\/\/livelyguides.com\/fr\/missions"]}]},{"@type":"ImageObject","inLanguage":"fr-FR","@id":"https:\/\/livelyguides.com\/fr\/missions#primaryimage","url":"https:\/\/livelyguides.com\/wp-content\/uploads\/2022\/11\/Ecran-smartphone.png","contentUrl":"https:\/\/livelyguides.com\/wp-content\/uploads\/2022\/11\/Ecran-smartphone.png"},{"@type":"BreadcrumbList","@id":"https:\/\/livelyguides.com\/fr\/missions#breadcrumb","itemListElement":[{"@type":"ListItem","position":1,"name":"Home","item":"https:\/\/livelyguides.com\/fr\/"},{"@type":"ListItem","position":2,"name":"Missions &#8211; FR"}]},{"@type":"WebSite","@id":"https:\/\/livelyguides.com\/fr\/#website","url":"https:\/\/livelyguides.com\/fr\/","name":"Lively Guides","description":"Guides touristiques digitaux","publisher":{"@id":"https:\/\/livelyguides.com\/fr\/#organization"},"potentialAction":[{"@type":"SearchAction","target":{"@type":"EntryPoint","urlTemplate":"https:\/\/livelyguides.com\/fr\/?s={search_term_string}"},"query-input":"required name=search_term_string"}],"inLanguage":"fr-FR"},{"@type":"Organization","@id":"https:\/\/livelyguides.com\/fr\/#organization","name":"Lively Guides","url":"https:\/\/livelyguides.com\/fr\/","logo":{"@type":"ImageObject","inLanguage":"fr-FR","@id":"https:\/\/livelyguides.com\/fr\/#\/schema\/logo\/image\/","url":"https:\/\/livelyguides.com\/wp-content\/uploads\/2022\/11\/LivelyGuides-logo-et-texte-vert.png","contentUrl":"https:\/\/livelyguides.com\/wp-content\/uploads\/2022\/11\/LivelyGuides-logo-et-texte-vert.png","width":500,"height":120,"caption":"Lively Guides"},"image":{"@id":"https:\/\/livelyguides.com\/fr\/#\/schema\/logo\/image\/"},"sameAs":["https:\/\/www.linkedin.com\/company\/livelyguides"]}]}},"uagb_featured_image_src":{"full":false,"thumbnail":false,"medium":false,"medium_large":false,"large":false,"1536x1536":false,"2048x2048":false},"uagb_author_info":{"display_name":"David","author_link":"https:\/\/livelyguides.com\/fr\/author\/davidwijnker\/"},"uagb_comment_info":0,"uagb_excerpt":"Notre mission&nbsp;: offrir une exp\u00e9rience de visite guid\u00e9e digitale exceptionnelle \u00e0 tous Nous utilisons la technologie et le design pour proposer une exp\u00e9rience de visite guid\u00e9e personnalis\u00e9e et enrichissante pour vous faire vivre des moments inoubliables. Notre histoire L\u2019id\u00e9e de Lively Guides est n\u00e9e d\u2019une frustration. Au travers de ses voyages et visites, David a\u2026","_links":{"self":[{"href":"https:\/\/livelyguides.com\/fr\/wp-json\/wp\/v2\/pages\/131","targetHints":{"allow":["GET"]}}],"collection":[{"href":"https:\/\/livelyguides.com\/fr\/wp-json\/wp\/v2\/pages"}],"about":[{"href":"https:\/\/livelyguides.com\/fr\/wp-json\/wp\/v2\/types\/page"}],"author":[{"embeddable":true,"href":"https:\/\/livelyguides.com\/fr\/wp-json\/wp\/v2\/users\/1"}],"replies":[{"embeddable":true,"href":"https:\/\/livelyguides.com\/fr\/wp-json\/wp\/v2\/comments?post=131"}],"version-history":[{"count":22,"href":"https:\/\/livelyguides.com\/fr\/wp-json\/wp\/v2\/pages\/131\/revisions"}],"predecessor-version":[{"id":1320,"href":"https:\/\/livelyguides.com\/fr\/wp-json\/wp\/v2\/pages\/131\/revisions\/1320"}],"wp:attachment":[{"href":"https:\/\/livelyguides.com\/fr\/wp-json\/wp\/v2\/media?parent=131"}],"curies":[{"name":"wp","href":"https:\/\/api.w.org\/{rel}","templated":true}]}}