{"id":463,"date":"2022-11-15T00:35:57","date_gmt":"2022-11-14T22:35:57","guid":{"rendered":"https:\/\/lively-guides.com\/?page_id=463"},"modified":"2022-12-27T19:34:15","modified_gmt":"2022-12-27T17:34:15","slug":"mentions-legales","status":"publish","type":"page","link":"https:\/\/livelyguides.com\/fr\/mentions-legales\/","title":{"rendered":"Legal notice &#8211; FR"},"content":{"rendered":"\n<div class=\"wp-block-uagb-container uagb-block-6df5de9e alignfull uagb-is-root-container\"><div class=\"uagb-container-inner-blocks-wrap\">\n<div class=\"wp-block-uagb-advanced-heading uagb-block-a9fb8b94\"><h1 class=\"uagb-heading-text\">Mentions l\u00e9gales<\/h1><\/div>\n\n\n\n<p>Conform\u00e9ment aux dispositions des Articles 6-III et 19 de la Loi n\u00b02004-575 du 21 juin 2004 pour la Confiance dans l\u2019\u00e9conomie num\u00e9rique, dite L.C.E.N., il est port\u00e9 \u00e0 la connaissance des utilisateurs et visiteurs, ci-apr\u00e8s l&rsquo;Utilisateur, du site livelyguides.com, ci-apr\u00e8s le Site, les pr\u00e9sentes mentions l\u00e9gales.<\/p>\n\n\n\n<p>La connexion et la navigation sur le Site par l\u2019Utilisateur implique acceptation int\u00e9grale et sans r\u00e9serve des pr\u00e9sentes Mentions l\u00e9gales et de la Politique de confidentialit\u00e9.<br>Elles sont accessibles sur le Site \u00e0 la rubrique \u00ab Mentions l\u00e9gales \u00bb et \u00ab Politique de confidentialit\u00e9 \u00bb.<\/p>\n\n\n\n<h2 class=\"has-text-align-left wp-block-heading\">1. L&rsquo;\u00e9diteur<\/h2>\n\n\n\n<p>L&rsquo;\u00e9dition du Site est assur\u00e9e par Lively Guides SAS au capital de 5000 euros, immatricul\u00e9e au<br>Registre du Commerce et des Soci\u00e9t\u00e9s de Paris sous le num\u00e9ro 922 229 919 dont le si\u00e8ge social est situ\u00e9 au 11 rue Lalande 75014 Paris.<br>Adresse email : contact@livelyguides.com<br>N\u00b0 de TVA intracommunautaire : FR91922229919<br>Le Directeur de la publication est David Wijnker ci-apr\u00e8s l&rsquo;Editeur.<\/p>\n\n\n\n<h2 class=\"wp-block-heading\">2. L&rsquo;h\u00e9bergeur<\/h2>\n\n\n\n<p>L&rsquo;h\u00e9bergeur du Site est la soci\u00e9t\u00e9 IONOS SARL, dont le si\u00e8ge social est situ\u00e9 au 7 place de la gare 57200 Sarreguemines.<br>Adresse email : info@ionos.fr<\/p>\n\n\n\n<h2 class=\"wp-block-heading\">3. Acc\u00e8s au site<\/h2>\n\n\n\n<p>Le Site est accessible en tout endroit, 7j\/7, 24h\/24 sauf cas de force majeure, interruption<br>programm\u00e9e ou non et pouvant d\u00e9coulant d\u2019une n\u00e9cessit\u00e9 de maintenance.<br>En cas de modification, interruption ou suspension du Site, l&rsquo;Editeur ne saurait \u00eatre tenu responsable.<\/p>\n\n\n\n<h2 class=\"wp-block-heading\">4. Propri\u00e9t\u00e9 intellectuelle<\/h2>\n\n\n\n<p>Toute utilisation, reproduction, diffusion, commercialisation, modification de toute ou partie du Site, sans autorisation de l\u2019Editeur est prohib\u00e9e et pourra entra\u00een\u00e9e des actions et poursuites judiciaires telles que notamment pr\u00e9vues par le Code de la propri\u00e9t\u00e9 intellectuelle et le Code civil.<\/p>\n\n\n\n<p><\/p>\n\n\n\n<p>Version du 22 d\u00e9cembre 2022<\/p>\n<\/div><\/div>\n","protected":false},"excerpt":{"rendered":"<p>Mentions l\u00e9gales Conform\u00e9ment aux dispositions des Articles 6-III et 19 de la Loi n\u00b02004-575 du 21 juin 2004 pour la Confiance dans l\u2019\u00e9conomie num\u00e9rique, dite L.C.E.N., il est port\u00e9 \u00e0 la connaissance des utilisateurs et visiteurs, ci-apr\u00e8s l&rsquo;Utilisateur, du site livelyguides.com, ci-apr\u00e8s le Site, les pr\u00e9sentes mentions l\u00e9gales. La connexion et la navigation sur le [&hellip;]<\/p>\n","protected":false},"author":1,"featured_media":0,"parent":0,"menu_order":0,"comment_status":"closed","ping_status":"closed","template":"","meta":{"_uag_custom_page_level_css":"","site-sidebar-layout":"default","site-content-layout":"","ast-site-content-layout":"","site-content-style":"default","site-sidebar-style":"default","ast-global-header-display":"","ast-banner-title-visibility":"","ast-main-header-display":"","ast-hfb-above-header-display":"","ast-hfb-below-header-display":"","ast-hfb-mobile-header-display":"","site-post-title":"disabled","ast-breadcrumbs-content":"","ast-featured-img":"","footer-sml-layout":"","theme-transparent-header-meta":"","adv-header-id-meta":"","stick-header-meta":"","header-above-stick-meta":"","header-main-stick-meta":"","header-below-stick-meta":"","astra-migrate-meta-layouts":"default","ast-page-background-enabled":"default","ast-page-background-meta":{"desktop":{"background-color":"var(--ast-global-color-4)","background-image":"","background-repeat":"repeat","background-position":"center center","background-size":"auto","background-attachment":"scroll","background-type":"","background-media":"","overlay-type":"","overlay-color":"","overlay-opacity":"","overlay-gradient":""},"tablet":{"background-color":"","background-image":"","background-repeat":"repeat","background-position":"center center","background-size":"auto","background-attachment":"scroll","background-type":"","background-media":"","overlay-type":"","overlay-color":"","overlay-opacity":"","overlay-gradient":""},"mobile":{"background-color":"","background-image":"","background-repeat":"repeat","background-position":"center center","background-size":"auto","background-attachment":"scroll","background-type":"","background-media":"","overlay-type":"","overlay-color":"","overlay-opacity":"","overlay-gradient":""}},"ast-content-background-meta":{"desktop":{"background-color":"var(--ast-global-color-5)","background-image":"","background-repeat":"repeat","background-position":"center center","background-size":"auto","background-attachment":"scroll","background-type":"","background-media":"","overlay-type":"","overlay-color":"","overlay-opacity":"","overlay-gradient":""},"tablet":{"background-color":"var(--ast-global-color-5)","background-image":"","background-repeat":"repeat","background-position":"center center","background-size":"auto","background-attachment":"scroll","background-type":"","background-media":"","overlay-type":"","overlay-color":"","overlay-opacity":"","overlay-gradient":""},"mobile":{"background-color":"var(--ast-global-color-5)","background-image":"","background-repeat":"repeat","background-position":"center center","background-size":"auto","background-attachment":"scroll","background-type":"","background-media":"","overlay-type":"","overlay-color":"","overlay-opacity":"","overlay-gradient":""}},"footnotes":""},"class_list":["post-463","page","type-page","status-publish","hentry"],"yoast_head":"<!-- This site is optimized with the Yoast SEO plugin v22.8 - https:\/\/yoast.com\/wordpress\/plugins\/seo\/ -->\n<title>Lively Guides - Mentions l\u00e9gales<\/title>\n<meta name=\"description\" content=\"Lively Guides - Guides touristiques digitaux sur application mobile. Mentions l\u00e9gales du site, \u00e9diteur et h\u00e9bergeur.\" \/>\n<meta name=\"robots\" content=\"index, follow, max-snippet:-1, max-image-preview:large, max-video-preview:-1\" \/>\n<link rel=\"canonical\" href=\"https:\/\/livelyguides.com\/fr\/mentions-legales\/\" \/>\n<meta property=\"og:locale\" content=\"fr_FR\" \/>\n<meta property=\"og:type\" content=\"article\" \/>\n<meta property=\"og:title\" content=\"Lively Guides - Mentions l\u00e9gales\" \/>\n<meta property=\"og:description\" content=\"Lively Guides - Guides touristiques digitaux sur application mobile. Mentions l\u00e9gales du site, \u00e9diteur et h\u00e9bergeur.\" \/>\n<meta property=\"og:url\" content=\"https:\/\/livelyguides.com\/fr\/mentions-legales\" \/>\n<meta property=\"og:site_name\" content=\"Lively Guides\" \/>\n<meta property=\"article:modified_time\" content=\"2022-12-27T17:34:15+00:00\" \/>\n<meta name=\"twitter:card\" content=\"summary_large_image\" \/>\n<meta name=\"twitter:label1\" content=\"Dur\u00e9e de lecture estim\u00e9e\" \/>\n\t<meta name=\"twitter:data1\" content=\"2 minutes\" \/>\n<script type=\"application\/ld+json\" class=\"yoast-schema-graph\">{\"@context\":\"https:\/\/schema.org\",\"@graph\":[{\"@type\":\"WebPage\",\"@id\":\"https:\/\/livelyguides.com\/fr\/mentions-legales\/\",\"url\":\"https:\/\/livelyguides.com\/fr\/mentions-legales\",\"name\":\"Lively Guides - Mentions l\u00e9gales\",\"isPartOf\":{\"@id\":\"https:\/\/livelyguides.com\/fr\/#website\"},\"datePublished\":\"2022-11-14T22:35:57+00:00\",\"dateModified\":\"2022-12-27T17:34:15+00:00\",\"description\":\"Lively Guides - Guides touristiques digitaux sur application mobile. Mentions l\u00e9gales du site, \u00e9diteur et h\u00e9bergeur.\",\"breadcrumb\":{\"@id\":\"https:\/\/livelyguides.com\/fr\/mentions-legales#breadcrumb\"},\"inLanguage\":\"fr-FR\",\"potentialAction\":[{\"@type\":\"ReadAction\",\"target\":[\"https:\/\/livelyguides.com\/fr\/mentions-legales\"]}]},{\"@type\":\"BreadcrumbList\",\"@id\":\"https:\/\/livelyguides.com\/fr\/mentions-legales#breadcrumb\",\"itemListElement\":[{\"@type\":\"ListItem\",\"position\":1,\"name\":\"Home\",\"item\":\"https:\/\/livelyguides.com\/fr\/\"},{\"@type\":\"ListItem\",\"position\":2,\"name\":\"Legal notice &#8211; FR\"}]},{\"@type\":\"WebSite\",\"@id\":\"https:\/\/livelyguides.com\/fr\/#website\",\"url\":\"https:\/\/livelyguides.com\/fr\/\",\"name\":\"Lively Guides\",\"description\":\"Guides touristiques digitaux\",\"publisher\":{\"@id\":\"https:\/\/livelyguides.com\/fr\/#organization\"},\"potentialAction\":[{\"@type\":\"SearchAction\",\"target\":{\"@type\":\"EntryPoint\",\"urlTemplate\":\"https:\/\/livelyguides.com\/fr\/?s={search_term_string}\"},\"query-input\":\"required name=search_term_string\"}],\"inLanguage\":\"fr-FR\"},{\"@type\":\"Organization\",\"@id\":\"https:\/\/livelyguides.com\/fr\/#organization\",\"name\":\"Lively Guides\",\"url\":\"https:\/\/livelyguides.com\/fr\/\",\"logo\":{\"@type\":\"ImageObject\",\"inLanguage\":\"fr-FR\",\"@id\":\"https:\/\/livelyguides.com\/fr\/#\/schema\/logo\/image\/\",\"url\":\"https:\/\/livelyguides.com\/wp-content\/uploads\/2022\/11\/LivelyGuides-logo-et-texte-vert.png\",\"contentUrl\":\"https:\/\/livelyguides.com\/wp-content\/uploads\/2022\/11\/LivelyGuides-logo-et-texte-vert.png\",\"width\":500,\"height\":120,\"caption\":\"Lively Guides\"},\"image\":{\"@id\":\"https:\/\/livelyguides.com\/fr\/#\/schema\/logo\/image\/\"},\"sameAs\":[\"https:\/\/www.linkedin.com\/company\/livelyguides\"]}]}<\/script>\n<!-- \/ Yoast SEO plugin. -->","yoast_head_json":{"title":"Lively Guides - Mentions l\u00e9gales","description":"Lively Guides - Guides touristiques digitaux sur application mobile. Mentions l\u00e9gales du site, \u00e9diteur et h\u00e9bergeur.","robots":{"index":"index","follow":"follow","max-snippet":"max-snippet:-1","max-image-preview":"max-image-preview:large","max-video-preview":"max-video-preview:-1"},"canonical":"https:\/\/livelyguides.com\/fr\/mentions-legales\/","og_locale":"fr_FR","og_type":"article","og_title":"Lively Guides - Mentions l\u00e9gales","og_description":"Lively Guides - Guides touristiques digitaux sur application mobile. Mentions l\u00e9gales du site, \u00e9diteur et h\u00e9bergeur.","og_url":"https:\/\/livelyguides.com\/fr\/mentions-legales","og_site_name":"Lively Guides","article_modified_time":"2022-12-27T17:34:15+00:00","twitter_card":"summary_large_image","twitter_misc":{"Dur\u00e9e de lecture estim\u00e9e":"2 minutes"},"schema":{"@context":"https:\/\/schema.org","@graph":[{"@type":"WebPage","@id":"https:\/\/livelyguides.com\/fr\/mentions-legales\/","url":"https:\/\/livelyguides.com\/fr\/mentions-legales","name":"Lively Guides - Mentions l\u00e9gales","isPartOf":{"@id":"https:\/\/livelyguides.com\/fr\/#website"},"datePublished":"2022-11-14T22:35:57+00:00","dateModified":"2022-12-27T17:34:15+00:00","description":"Lively Guides - Guides touristiques digitaux sur application mobile. Mentions l\u00e9gales du site, \u00e9diteur et h\u00e9bergeur.","breadcrumb":{"@id":"https:\/\/livelyguides.com\/fr\/mentions-legales#breadcrumb"},"inLanguage":"fr-FR","potentialAction":[{"@type":"ReadAction","target":["https:\/\/livelyguides.com\/fr\/mentions-legales"]}]},{"@type":"BreadcrumbList","@id":"https:\/\/livelyguides.com\/fr\/mentions-legales#breadcrumb","itemListElement":[{"@type":"ListItem","position":1,"name":"Home","item":"https:\/\/livelyguides.com\/fr\/"},{"@type":"ListItem","position":2,"name":"Legal notice &#8211; FR"}]},{"@type":"WebSite","@id":"https:\/\/livelyguides.com\/fr\/#website","url":"https:\/\/livelyguides.com\/fr\/","name":"Lively Guides","description":"Guides touristiques digitaux","publisher":{"@id":"https:\/\/livelyguides.com\/fr\/#organization"},"potentialAction":[{"@type":"SearchAction","target":{"@type":"EntryPoint","urlTemplate":"https:\/\/livelyguides.com\/fr\/?s={search_term_string}"},"query-input":"required name=search_term_string"}],"inLanguage":"fr-FR"},{"@type":"Organization","@id":"https:\/\/livelyguides.com\/fr\/#organization","name":"Lively Guides","url":"https:\/\/livelyguides.com\/fr\/","logo":{"@type":"ImageObject","inLanguage":"fr-FR","@id":"https:\/\/livelyguides.com\/fr\/#\/schema\/logo\/image\/","url":"https:\/\/livelyguides.com\/wp-content\/uploads\/2022\/11\/LivelyGuides-logo-et-texte-vert.png","contentUrl":"https:\/\/livelyguides.com\/wp-content\/uploads\/2022\/11\/LivelyGuides-logo-et-texte-vert.png","width":500,"height":120,"caption":"Lively Guides"},"image":{"@id":"https:\/\/livelyguides.com\/fr\/#\/schema\/logo\/image\/"},"sameAs":["https:\/\/www.linkedin.com\/company\/livelyguides"]}]}},"uagb_featured_image_src":{"full":false,"thumbnail":false,"medium":false,"medium_large":false,"large":false,"1536x1536":false,"2048x2048":false},"uagb_author_info":{"display_name":"David","author_link":"https:\/\/livelyguides.com\/fr\/author\/davidwijnker\/"},"uagb_comment_info":0,"uagb_excerpt":"Mentions l\u00e9gales Conform\u00e9ment aux dispositions des Articles 6-III et 19 de la Loi n\u00b02004-575 du 21 juin 2004 pour la Confiance dans l\u2019\u00e9conomie num\u00e9rique, dite L.C.E.N., il est port\u00e9 \u00e0 la connaissance des utilisateurs et visiteurs, ci-apr\u00e8s l&rsquo;Utilisateur, du site livelyguides.com, ci-apr\u00e8s le Site, les pr\u00e9sentes mentions l\u00e9gales. La connexion et la navigation sur le\u2026","_links":{"self":[{"href":"https:\/\/livelyguides.com\/fr\/wp-json\/wp\/v2\/pages\/463","targetHints":{"allow":["GET"]}}],"collection":[{"href":"https:\/\/livelyguides.com\/fr\/wp-json\/wp\/v2\/pages"}],"about":[{"href":"https:\/\/livelyguides.com\/fr\/wp-json\/wp\/v2\/types\/page"}],"author":[{"embeddable":true,"href":"https:\/\/livelyguides.com\/fr\/wp-json\/wp\/v2\/users\/1"}],"replies":[{"embeddable":true,"href":"https:\/\/livelyguides.com\/fr\/wp-json\/wp\/v2\/comments?post=463"}],"version-history":[{"count":17,"href":"https:\/\/livelyguides.com\/fr\/wp-json\/wp\/v2\/pages\/463\/revisions"}],"predecessor-version":[{"id":1120,"href":"https:\/\/livelyguides.com\/fr\/wp-json\/wp\/v2\/pages\/463\/revisions\/1120"}],"wp:attachment":[{"href":"https:\/\/livelyguides.com\/fr\/wp-json\/wp\/v2\/media?parent=463"}],"curies":[{"name":"wp","href":"https:\/\/api.w.org\/{rel}","templated":true}]}}